{"id":4541,"date":"2025-05-07T11:38:59","date_gmt":"2025-05-07T15:38:59","guid":{"rendered":"https:\/\/inspire-sdg.ca\/a-propos\/coalition-communautaire-idea\/"},"modified":"2025-05-07T11:39:00","modified_gmt":"2025-05-07T15:39:00","slug":"coalition-communautaire-idea","status":"publish","type":"page","link":"https:\/\/inspire-sdg.ca\/fr\/a-propos\/coalition-communautaire-idea\/","title":{"rendered":"Coalition communautaire IDEA"},"content":{"rendered":"\n<div class=\"wp-block-columns is-layout-flex wp-container-core-columns-is-layout-9d6595d7 wp-block-columns-is-layout-flex\">\n<div class=\"wp-block-column is-layout-flow wp-block-column-is-layout-flow\" style=\"flex-basis:33.33%\">\n<figure class=\"wp-block-image\"><img decoding=\"async\" src=\"https:\/\/agapecentre.ca\/wp-content\/uploads\/2025\/05\/IDEA_Logo_1.png\" alt=\"\" class=\"wp-image-5547\"\/><\/figure>\n<\/div>\n\n\n\n<div class=\"wp-block-column is-layout-flow wp-block-column-is-layout-flow\" style=\"flex-basis:66.66%\">\n<p>En tant que fier membre de la <a href=\"https:\/\/unitedwaysdg.com\/what-we-do\/idea-community-coalition\/\" target=\"_blank\" rel=\"noreferrer noopener\">Coalition Communautaire IDEA<\/a>,Inspire \u2013 Services de soutien Communautaire s&rsquo;engage \u00e0 promouvoir l&rsquo;\u00e9quit\u00e9, la diversit\u00e9, l&rsquo;inclusion, la lutte contre l&rsquo;oppression, ainsi que la v\u00e9rit\u00e9 et la r\u00e9conciliation. Nous collaborons avec des organisations et agences locales pour \u00e9liminer les obstacles syst\u00e9miques et cr\u00e9er un changement durable. En mettant l&rsquo;accent sur l&rsquo;\u00e9quit\u00e9 communautaire, l&rsquo;apprentissage continu, les pratiques inclusives, l&rsquo;\u00e9valuation des politiques et la responsabilisation fond\u00e9e sur les donn\u00e9es, nous nous effor\u00e7ons de favoriser une communaut\u00e9 plus inclusive et plus juste pour tous.  <\/p>\n<\/div>\n<\/div>\n","protected":false},"excerpt":{"rendered":"<p>En tant que fier membre de la Coalition Communautaire IDEA,Inspire \u2013 Services de soutien Communautaire s&rsquo;engage \u00e0 promouvoir l&rsquo;\u00e9quit\u00e9, la diversit\u00e9, l&rsquo;inclusion, la lutte contre l&rsquo;oppression, ainsi que la v\u00e9rit\u00e9 et la r\u00e9conciliation. Nous collaborons avec des organisations et agences locales pour \u00e9liminer les obstacles syst\u00e9miques et cr\u00e9er un changement durable. En mettant l&rsquo;accent sur [&hellip;]<\/p>\n","protected":false},"author":1,"featured_media":0,"parent":1682,"menu_order":0,"comment_status":"closed","ping_status":"closed","template":"","meta":{"_acf_changed":false,"_et_pb_use_builder":"","_et_pb_old_content":"","_et_gb_content_width":"","footnotes":""},"class_list":["post-4541","page","type-page","status-publish","hentry"],"acf":[],"_links":{"self":[{"href":"https:\/\/inspire-sdg.ca\/fr\/wp-json\/wp\/v2\/pages\/4541","targetHints":{"allow":["GET"]}}],"collection":[{"href":"https:\/\/inspire-sdg.ca\/fr\/wp-json\/wp\/v2\/pages"}],"about":[{"href":"https:\/\/inspire-sdg.ca\/fr\/wp-json\/wp\/v2\/types\/page"}],"author":[{"embeddable":true,"href":"https:\/\/inspire-sdg.ca\/fr\/wp-json\/wp\/v2\/users\/1"}],"replies":[{"embeddable":true,"href":"https:\/\/inspire-sdg.ca\/fr\/wp-json\/wp\/v2\/comments?post=4541"}],"version-history":[{"count":1,"href":"https:\/\/inspire-sdg.ca\/fr\/wp-json\/wp\/v2\/pages\/4541\/revisions"}],"predecessor-version":[{"id":4542,"href":"https:\/\/inspire-sdg.ca\/fr\/wp-json\/wp\/v2\/pages\/4541\/revisions\/4542"}],"up":[{"embeddable":true,"href":"https:\/\/inspire-sdg.ca\/fr\/wp-json\/wp\/v2\/pages\/1682"}],"wp:attachment":[{"href":"https:\/\/inspire-sdg.ca\/fr\/wp-json\/wp\/v2\/media?parent=4541"}],"curies":[{"name":"wp","href":"https:\/\/api.w.org\/{rel}","templated":true}]}}