{"id":2149,"date":"2022-02-10T14:00:19","date_gmt":"2022-02-10T19:00:19","guid":{"rendered":"https:\/\/inspire-sdg.ca\/a-propos\/vie-privee-et-confidentialite\/"},"modified":"2022-03-14T11:01:17","modified_gmt":"2022-03-14T15:01:17","slug":"vie-privee-et-confidentialite","status":"publish","type":"page","link":"https:\/\/inspire-sdg.ca\/fr\/a-propos\/vie-privee-et-confidentialite\/","title":{"rendered":"Vie priv\u00e9e et confidentialit\u00e9"},"content":{"rendered":"\n<p>Inspire \u2013 Services de soutien Communautaire r\u00e9alise l\u2019importance de prot\u00e9ger les renseignements personnels des personnes qu\u2019ils soutiennent et s\u2019engagent \u00e0 assurer leur droit \u00e0 la vie priv\u00e9e et \u00e0 la confidentialit\u00e9 en conformit\u00e9 avec toutes les lois et tous les r\u00e8glements du gouvernement qui sont applicables. Les employ\u00e9s et les b\u00e9n\u00e9voles sont tenus de suivre les politiques et les proc\u00e9dures \u00e9tablies afin de pr\u00e9server la confidentialit\u00e9 et la vie priv\u00e9e, et de se prot\u00e9ger contre le vol, la perte et l\u2019utilisation non autoris\u00e9e de renseignements priv\u00e9s. Les personnes touch\u00e9es par une violation de la vie priv\u00e9e seront inform\u00e9es de l\u2019incident et des mesures prises pour corriger ou att\u00e9nuer la violation. L\u2019organisme tient au respect pour tous les individus, \u00e0 la responsabilit\u00e9 professionnelle, \u00e0 l\u2019assurance de la qualit\u00e9 et \u00e0 l\u2019excellence du service.<\/p>\n\n<p>INSPIRE pr\u00e9servera la confidentialit\u00e9 et le caract\u00e8re priv\u00e9 des renseignements en\u00a0:<\/p>\n\n<ul class=\"wp-block-list\"><li>travaillant \u00e0 pr\u00e9venir les atteintes \u00e0 la vie priv\u00e9e et en suivant les politiques et les\nproc\u00e9dures \u00e9tablies\u2009;<\/li><li>signalant les violations possibles\u2009;<\/li><li>s&rsquo;assurant que seules les donn\u00e9es personnelles les plus pertinentes sont recueillies et conserv\u00e9es\u2009;<\/li><li>cr\u00e9ant et en maintenant des dossiers exacts et professionnels\u2009;<\/li><li>partageant les renseignements personnels \u00e0 l&rsquo;ext\u00e9rieur de l&rsquo;organisme apr\u00e8s avoir obtenu un consentement \u00e9crit ou lorsque la loi l&rsquo;exige\u2009;<\/li><li>dispensant une formation obligatoire \u00e0 l&rsquo;ensemble du personnel.<\/li><\/ul>\n\n<p>Les questions ou pr\u00e9occupations li\u00e9es \u00e0 la confidentialit\u00e9 et \u00e0 la vie priv\u00e9e peuvent \u00eatre transmises \u00e0 INSPIRE en suivant les \u00e9tapes d\u00e9crites dans notre politique de r\u00e9troaction et de plaintes que vous pouvez consulter dans la section <a href=\"https:\/\/inspire-sdg.ca\/fr\/nous-joindre\/\">Nous joindre<\/a> du site Web.<\/p>\n","protected":false},"excerpt":{"rendered":"<p>Inspire \u2013 Services de soutien Communautaire r\u00e9alise l\u2019importance de prot\u00e9ger les renseignements personnels des personnes qu\u2019ils soutiennent et s\u2019engagent \u00e0 assurer leur droit \u00e0 la vie priv\u00e9e et \u00e0 la confidentialit\u00e9 en conformit\u00e9 avec toutes les lois et tous les r\u00e8glements du gouvernement qui sont applicables. Les employ\u00e9s et les b\u00e9n\u00e9voles sont tenus de suivre [&hellip;]<\/p>\n","protected":false},"author":1,"featured_media":0,"parent":1682,"menu_order":0,"comment_status":"closed","ping_status":"closed","template":"","meta":{"_acf_changed":false,"_et_pb_use_builder":"","_et_pb_old_content":"","_et_gb_content_width":"","footnotes":""},"class_list":["post-2149","page","type-page","status-publish","hentry"],"acf":[],"_links":{"self":[{"href":"https:\/\/inspire-sdg.ca\/fr\/wp-json\/wp\/v2\/pages\/2149","targetHints":{"allow":["GET"]}}],"collection":[{"href":"https:\/\/inspire-sdg.ca\/fr\/wp-json\/wp\/v2\/pages"}],"about":[{"href":"https:\/\/inspire-sdg.ca\/fr\/wp-json\/wp\/v2\/types\/page"}],"author":[{"embeddable":true,"href":"https:\/\/inspire-sdg.ca\/fr\/wp-json\/wp\/v2\/users\/1"}],"replies":[{"embeddable":true,"href":"https:\/\/inspire-sdg.ca\/fr\/wp-json\/wp\/v2\/comments?post=2149"}],"version-history":[{"count":13,"href":"https:\/\/inspire-sdg.ca\/fr\/wp-json\/wp\/v2\/pages\/2149\/revisions"}],"predecessor-version":[{"id":2910,"href":"https:\/\/inspire-sdg.ca\/fr\/wp-json\/wp\/v2\/pages\/2149\/revisions\/2910"}],"up":[{"embeddable":true,"href":"https:\/\/inspire-sdg.ca\/fr\/wp-json\/wp\/v2\/pages\/1682"}],"wp:attachment":[{"href":"https:\/\/inspire-sdg.ca\/fr\/wp-json\/wp\/v2\/media?parent=2149"}],"curies":[{"name":"wp","href":"https:\/\/api.w.org\/{rel}","templated":true}]}}