{"id":1848,"date":"2022-01-21T11:30:04","date_gmt":"2022-01-21T16:30:04","guid":{"rendered":"https:\/\/inspire-sdg.ca\/accueil\/"},"modified":"2025-05-07T11:54:09","modified_gmt":"2025-05-07T15:54:09","slug":"accueil","status":"publish","type":"page","link":"https:\/\/inspire-sdg.ca\/fr\/","title":{"rendered":"Accueil"},"content":{"rendered":"<p>[et_pb_section fb_built=\u00a0\u00bb1&Prime; custom_padding_last_edited=\u00a0\u00bbon|phone\u00a0\u00bb next_background_color=\u00a0\u00bb#E8E9F2&Prime; _builder_version=\u00a0\u00bb4.16&Prime; _module_preset=\u00a0\u00bbdefault\u00a0\u00bb background_image=\u00a0\u00bbhttps:\/\/inspire-sdg.ca\/wp-content\/uploads\/2021\/11\/group-people-support-unity-arm-around-together.jpg\u00a0\u00bb custom_padding=\u00a0\u00bb300px||150px||false|false\u00a0\u00bb custom_padding_tablet=\u00a0\u00bb60px||||false|false\u00a0\u00bb custom_padding_phone=\u00a0\u00bb||120px||false|false\u00a0\u00bb bottom_divider_style=\u00a0\u00bbwave\u00a0\u00bb global_colors_info=\u00a0\u00bb{}\u00a0\u00bb][et_pb_row column_structure=\u00a0\u00bb3_5,2_5&Prime; use_custom_gutter=\u00a0\u00bbon\u00a0\u00bb gutter_width=\u00a0\u00bb2&Prime; make_equal=\u00a0\u00bbon\u00a0\u00bb _builder_version=\u00a0\u00bb4.16&Prime; _module_preset=\u00a0\u00bbdefault\u00a0\u00bb background_color=\u00a0\u00bbrgba(39,47,125,0.85)\u00a0\u00bb custom_margin_tablet=\u00a0\u00bb0px||||false|false\u00a0\u00bb custom_margin_phone=\u00a0\u00bb0px||||false|false\u00a0\u00bb custom_margin_last_edited=\u00a0\u00bbon|tablet\u00a0\u00bb custom_padding=\u00a0\u00bb40px|40px|40px|40px|true|true\u00a0\u00bb custom_css_main_element=\u00a0\u00bbalign-items: center;\u00a0\u00bb global_colors_info=\u00a0\u00bb{}\u00a0\u00bb][et_pb_column type=\u00a0\u00bb3_5&Prime; _builder_version=\u00a0\u00bb4.16&Prime; _module_preset=\u00a0\u00bbdefault\u00a0\u00bb global_colors_info=\u00a0\u00bb{}\u00a0\u00bb custom_css_main_element_last_edited=\u00a0\u00bbon|desktop\u00a0\u00bb custom_css_main_element_tablet=\u00a0\u00bbmargin-bottom: 0!important;\u00a0\u00bb custom_css_main_element_phone=\u00a0\u00bbmargin-bottom: 0!important;\u00a0\u00bb][et_pb_text _builder_version=\u00a0\u00bb4.16&Prime; _module_preset=\u00a0\u00bbdefault\u00a0\u00bb header_font_size=\u00a0\u00bb42px\u00a0\u00bb background_layout=\u00a0\u00bbdark\u00a0\u00bb header_font_size_tablet=\u00a0\u00bb40px\u00a0\u00bb header_font_size_phone=\u00a0\u00bb36px\u00a0\u00bb header_font_size_last_edited=\u00a0\u00bbon|desktop\u00a0\u00bb global_colors_info=\u00a0\u00bb{}\u00a0\u00bb]<\/p>\n<h1>Profitez des services de soutien pour vous aider \u00e0 mener la meilleure vie possible.<\/h1>\n<p>[\/et_pb_text][\/et_pb_column][et_pb_column type=\u00a0\u00bb2_5&Prime; _builder_version=\u00a0\u00bb4.16&Prime; _module_preset=\u00a0\u00bbdefault\u00a0\u00bb global_colors_info=\u00a0\u00bb{}\u00a0\u00bb][et_pb_text _builder_version=\u00a0\u00bb4.16&Prime; _module_preset=\u00a0\u00bbdefault\u00a0\u00bb text_font=\u00a0\u00bbMontserrat||||||||\u00a0\u00bb text_font_size=\u00a0\u00bb21px\u00a0\u00bb text_line_height=\u00a0\u00bb1.6em\u00a0\u00bb background_layout=\u00a0\u00bbdark\u00a0\u00bb global_colors_info=\u00a0\u00bb{}\u00a0\u00bb]<\/p>\n<p>Une communaut\u00e9 o\u00f9 les individus re\u00e7oivent le soutien et d\u00e9veloppent les moyens n\u00e9cessaires pour mener une vie saine et \u00e9panouie.<\/p>\n<p>[\/et_pb_text][\/et_pb_column][\/et_pb_row][\/et_pb_section][et_pb_section fb_built=\u00a0\u00bb1&Prime; next_background_color=\u00a0\u00bb#F68D2C\u00a0\u00bb _builder_version=\u00a0\u00bb4.16&Prime; _module_preset=\u00a0\u00bbdefault\u00a0\u00bb background_color=\u00a0\u00bb#E8E9F2&Prime; background_image=\u00a0\u00bbhttps:\/\/inspire-sdg.ca\/wp-content\/uploads\/2021\/11\/dot-bg-large.svg\u00a0\u00bb background_size=\u00a0\u00bbinitial\u00a0\u00bb background_position=\u00a0\u00bbbottom_right\u00a0\u00bb custom_padding=\u00a0\u00bb30px||125px||false|false\u00a0\u00bb bottom_divider_style=\u00a0\u00bbslant\u00a0\u00bb bottom_divider_arrangement=\u00a0\u00bbabove_content\u00a0\u00bb global_colors_info=\u00a0\u00bb{}\u00a0\u00bb][et_pb_row column_structure=\u00a0\u00bb1_2,1_2&Prime; use_custom_gutter=\u00a0\u00bbon\u00a0\u00bb make_equal=\u00a0\u00bbon\u00a0\u00bb _builder_version=\u00a0\u00bb4.17.3&Prime; _module_preset=\u00a0\u00bbdefault\u00a0\u00bb custom_margin=\u00a0\u00bb||30px||false|false\u00a0\u00bb custom_css_before=\u00a0\u00bbcontent: url(\/wp-content\/uploads\/2021\/11\/i-watermark.svg);||position: absolute;||top: -20px;||left: -120px;\u00a0\u00bb custom_css_main_element=\u00a0\u00bbalign-items: center\u00a0\u00bb global_colors_info=\u00a0\u00bb{}\u00a0\u00bb][et_pb_column type=\u00a0\u00bb1_2&Prime; _builder_version=\u00a0\u00bb4.16&Prime; _module_preset=\u00a0\u00bbdefault\u00a0\u00bb global_colors_info=\u00a0\u00bb{}\u00a0\u00bb custom_css_main_element_last_edited=\u00a0\u00bbon|desktop\u00a0\u00bb custom_css_main_element_tablet=\u00a0\u00bbmargin-bottom: 60px;\u00a0\u00bb custom_css_main_element_phone=\u00a0\u00bbmargin-bottom: 60px;\u00a0\u00bb][et_pb_text _builder_version=\u00a0\u00bb4.16&Prime; _module_preset=\u00a0\u00bbdefault\u00a0\u00bb header_2_font_size=\u00a0\u00bb46px\u00a0\u00bb header_4_line_height=\u00a0\u00bb1.7em\u00a0\u00bb custom_margin=\u00a0\u00bb||15px||false|false\u00a0\u00bb header_2_font_size_tablet=\u00a0\u00bb46px\u00a0\u00bb header_2_font_size_phone=\u00a0\u00bb36px\u00a0\u00bb header_2_font_size_last_edited=\u00a0\u00bbon|phone\u00a0\u00bb global_colors_info=\u00a0\u00bb{}\u00a0\u00bb]<\/p>\n<h2>Inspire \u2013 Services de soutien communautaire<\/h2>\n<p>\u00a0<\/p>\n<h4>Une communaut\u00e9 o\u00f9 les individus re\u00e7oivent le soutien et d\u00e9veloppent les moyens n\u00e9cessaires pour mener une vie saine et \u00e9panouie.<\/h4>\n<p>[\/et_pb_text][et_pb_text _builder_version=\u00a0\u00bb4.16&Prime; _module_preset=\u00a0\u00bbdefault\u00a0\u00bb global_colors_info=\u00a0\u00bb{}\u00a0\u00bb]<\/p>\n<p>Inspire &#8211; Services de soutien communautaire est un organisme multiservice sans but lucratif qui offre une vari\u00e9t\u00e9 de services de soutien aux enfants, aux jeunes, aux adultes et aux familles de la ville de Cornwall et des comt\u00e9s de Stormont, Dundas et Glengarry.<\/p>\n<p>[\/et_pb_text][\/et_pb_column][et_pb_column type=\u00a0\u00bb1_2&Prime; _builder_version=\u00a0\u00bb4.16&Prime; _module_preset=\u00a0\u00bbdefault\u00a0\u00bb global_colors_info=\u00a0\u00bb{}\u00a0\u00bb][et_pb_text _builder_version=\u00a0\u00bb4.16&Prime; _module_preset=\u00a0\u00bb994ab5dc-e4c9-4a56-b7c4-e10539f805c6&Prime; global_colors_info=\u00a0\u00bb{}\u00a0\u00bb]<\/p>\n<p><a href=\"https:\/\/inspire-sdg.ca\/fr\/services\/services-pour-les-adultes-ayant-une-deficience-intellectuelle\/\">Services pour les adultes ayant une d\u00e9ficience intellectuelle<\/a><\/p>\n<p>[\/et_pb_text][et_pb_text _builder_version=\u00a0\u00bb4.16&Prime; _module_preset=\u00a0\u00bb994ab5dc-e4c9-4a56-b7c4-e10539f805c6&Prime; global_colors_info=\u00a0\u00bb{}\u00a0\u00bb]<\/p>\n<p><a href=\"https:\/\/inspire-sdg.ca\/fr\/services\/services-pour-les-enfants-ayant-une-deficience-intellectuelle\/\">Services pour les enfants ayant une d\u00e9ficience intellectuelle<\/a><\/p>\n<p>[\/et_pb_text][et_pb_text _builder_version=\u00a0\u00bb4.16&Prime; _module_preset=\u00a0\u00bb994ab5dc-e4c9-4a56-b7c4-e10539f805c6&Prime; global_colors_info=\u00a0\u00bb{}\u00a0\u00bb]<\/p>\n<p><a href=\"https:\/\/inspire-sdg.ca\/fr\/services\/services-residentiels-de-releve-et-de-soutien\/\">Services r\u00e9sidentiels, de rel\u00e8ve et de soutien communautaire<\/a><\/p>\n<p>[\/et_pb_text][et_pb_text _builder_version=\u00a0\u00bb4.16&Prime; _module_preset=\u00a0\u00bb994ab5dc-e4c9-4a56-b7c4-e10539f805c6&Prime; global_colors_info=\u00a0\u00bb{}\u00a0\u00bb]<\/p>\n<p><a href=\"https:\/\/inspire-sdg.ca\/fr\/services\/services-cliniques-et-de-soutien\/\">Services cliniques et de soutien<\/a><\/p>\n<p>[\/et_pb_text][et_pb_button button_url=\u00a0\u00bb@ET-DC@eyJkeW5hbWljIjp0cnVlLCJjb250ZW50IjoicG9zdF9saW5rX3VybF9wYWdlIiwic2V0dGluZ3MiOnsicG9zdF9pZCI6IjE3MSJ9fQ==@\u00a0\u00bb button_text=\u00a0\u00bbVoir tous les services\u00a0\u00bb _builder_version=\u00a0\u00bb4.16&Prime; _dynamic_attributes=\u00a0\u00bbbutton_url\u00a0\u00bb _module_preset=\u00a0\u00bbdefault\u00a0\u00bb global_colors_info=\u00a0\u00bb{}\u00a0\u00bb][\/et_pb_button][\/et_pb_column][\/et_pb_row][et_pb_row column_structure=\u00a0\u00bb3_5,2_5&Prime; use_custom_gutter=\u00a0\u00bbon\u00a0\u00bb gutter_width=\u00a0\u00bb4&Prime; make_equal=\u00a0\u00bbon\u00a0\u00bb _builder_version=\u00a0\u00bb4.17.3&Prime; _module_preset=\u00a0\u00bbdefault\u00a0\u00bb custom_padding=\u00a0\u00bb||||false|false\u00a0\u00bb global_module=\u00a0\u00bb3265&Prime; saved_tabs=\u00a0\u00bball\u00a0\u00bb global_colors_info=\u00a0\u00bb{}\u00a0\u00bb][et_pb_column type=\u00a0\u00bb3_5&Prime; module_id=\u00a0\u00bblogo-grid\u00a0\u00bb _builder_version=\u00a0\u00bb4.17.3&Prime; _module_preset=\u00a0\u00bbdefault\u00a0\u00bb custom_css_before=\u00a0\u00bbcontent: %22Agence membre de :%22;||font-size: .9em;||margin-bottom: .5em;||text-align: left;||width: 100%;\u00a0\u00bb global_colors_info=\u00a0\u00bb{}\u00a0\u00bb custom_css_before_last_edited=\u00a0\u00bbon|phone\u00a0\u00bb custom_css_before_tablet=\u00a0\u00bbcontent: %22Agence membre de :%22;||font-size: .9em;||margin-bottom: .5em;||text-align: center;||width: 100%;\u00a0\u00bb custom_css_before_phone=\u00a0\u00bbcontent: %22Agence membre de :%22;||font-size: .9em;||margin-bottom: .5em;||text-align: center;||width: 100%;\u00a0\u00bb][et_pb_image src=\u00a0\u00bbhttps:\/\/inspire-sdg.ca\/wp-content\/uploads\/2022\/02\/oaicd-logo-french-262&#215;300.png\u00a0\u00bb title_text=\u00a0\u00bboaicd-logo-french\u00a0\u00bb url=\u00a0\u00bbhttps:\/\/www.napoleon.com\/en\/ca\/fireplaces\u00a0\u00bb _builder_version=\u00a0\u00bb4.17.3&Prime; _module_preset=\u00a0\u00bbd10b5d2a-52d4-4ebc-959b-0830fee86641&Prime; global_colors_info=\u00a0\u00bb{}\u00a0\u00bb][\/et_pb_image][et_pb_image src=\u00a0\u00bbhttps:\/\/inspire-sdg.ca\/wp-content\/uploads\/2022\/02\/oasis-logo.png\u00a0\u00bb title_text=\u00a0\u00bboasis-logo\u00a0\u00bb url_new_window=\u00a0\u00bbon\u00a0\u00bb _builder_version=\u00a0\u00bb4.17.3&Prime; _module_preset=\u00a0\u00bbd10b5d2a-52d4-4ebc-959b-0830fee86641&Prime; global_colors_info=\u00a0\u00bb{}\u00a0\u00bb][\/et_pb_image][et_pb_image src=\u00a0\u00bbhttps:\/\/inspire-sdg.ca\/wp-content\/uploads\/2025\/05\/IDEA_Logo_1.png\u00a0\u00bb title_text=\u00a0\u00bbIDEA_Logo_1&Prime; url=\u00a0\u00bb@ET-DC@eyJkeW5hbWljIjp0cnVlLCJjb250ZW50IjoicG9zdF9saW5rX3VybF9wYWdlIiwic2V0dGluZ3MiOnsicG9zdF9pZCI6IjQ1MjMifX0=@\u00a0\u00bb _builder_version=\u00a0\u00bb4.27.4&Prime; _dynamic_attributes=\u00a0\u00bburl\u00a0\u00bb _module_preset=\u00a0\u00bbd10b5d2a-52d4-4ebc-959b-0830fee86641&Prime; hover_enabled=\u00a0\u00bb0&Prime; global_colors_info=\u00a0\u00bb{}\u00a0\u00bb sticky_enabled=\u00a0\u00bb0&Prime;][\/et_pb_image][\/et_pb_column][et_pb_column type=\u00a0\u00bb2_5&Prime; module_id=\u00a0\u00bblogo-grid\u00a0\u00bb _builder_version=\u00a0\u00bb4.17.3&Prime; _module_preset=\u00a0\u00bbdefault\u00a0\u00bb custom_css_before=\u00a0\u00bbcontent: %22Subventionn\u00e9 par :%22;||font-size: .9em;||text-align: left;||margin-bottom: .5em;||width: 100%;\u00a0\u00bb global_colors_info=\u00a0\u00bb{}\u00a0\u00bb custom_css_before_last_edited=\u00a0\u00bbon|phone\u00a0\u00bb custom_css_before_tablet=\u00a0\u00bbcontent: %22Subventionn\u00e9 par :%22;||font-size: .9em;||text-align: center;||margin-bottom: .5em;||width: 100%;\u00a0\u00bb custom_css_before_phone=\u00a0\u00bbcontent: %22Subventionn\u00e9 par :%22;||font-size: .9em;||text-align: center;||margin-bottom: .5em;||width: 100%;\u00a0\u00bb][et_pb_image src=\u00a0\u00bbhttps:\/\/inspire-sdg.ca\/wp-content\/uploads\/2022\/05\/ON_POS_LOGO_RGB-300px.png\u00a0\u00bb alt=\u00a0\u00bbLogo for Ontario\u00a0\u00bb title_text=\u00a0\u00bbON_POS_LOGO_RGB-300px\u00a0\u00bb _builder_version=\u00a0\u00bb4.17.3&Prime; _module_preset=\u00a0\u00bbd10b5d2a-52d4-4ebc-959b-0830fee86641&Prime; custom_css_main_element=\u00a0\u00bbflex-basis: 50%; -webkit-flex-basis: 50%; -ms-flex-basis: 50%;\u00a0\u00bb global_colors_info=\u00a0\u00bb{}\u00a0\u00bb custom_css_main_element_tablet=\u00a0\u00bbflex-basis: 50%; -webkit-flex-basis: 50%; -ms-flex-basis: 50%;\u00a0\u00bb][\/et_pb_image][\/et_pb_column][\/et_pb_row][et_pb_row column_structure=\u00a0\u00bb1_3,1_3,1_3&Prime; use_custom_gutter=\u00a0\u00bbon\u00a0\u00bb gutter_width=\u00a0\u00bb2&Prime; custom_padding_last_edited=\u00a0\u00bbon|tablet\u00a0\u00bb _builder_version=\u00a0\u00bb4.16&Prime; _module_preset=\u00a0\u00bbdefault\u00a0\u00bb custom_padding=\u00a0\u00bb60px||60px|||\u00a0\u00bb custom_padding_tablet=\u00a0\u00bb\u00a0\u00bb custom_padding_phone=\u00a0\u00bb\u00a0\u00bb global_colors_info=\u00a0\u00bb{}\u00a0\u00bb][et_pb_column type=\u00a0\u00bb1_3&Prime; _builder_version=\u00a0\u00bb4.16&Prime; _module_preset=\u00a0\u00bbdefault\u00a0\u00bb global_colors_info=\u00a0\u00bb{}\u00a0\u00bb custom_css_main_element_last_edited=\u00a0\u00bbon|tablet\u00a0\u00bb custom_css_main_element_tablet=\u00a0\u00bbmargin-bottom: 60px;\u00a0\u00bb custom_css_main_element_phone=\u00a0\u00bbmargin-bottom: 60px;\u00a0\u00bb][et_pb_text _builder_version=\u00a0\u00bb4.16&Prime; _module_preset=\u00a0\u00bbdefault\u00a0\u00bb header_2_font_size=\u00a0\u00bb46px\u00a0\u00bb header_3_font_size=\u00a0\u00bb32px\u00a0\u00bb header_4_line_height=\u00a0\u00bb1.7em\u00a0\u00bb custom_margin=\u00a0\u00bb||15px||false|false\u00a0\u00bb global_colors_info=\u00a0\u00bb{}\u00a0\u00bb]<\/p>\n<h3>Notre mission + valeurs<\/h3>\n<h4>Par le biais des services de soutien et des services cliniques sp\u00e9cialis\u00e9s communautaires, notre organisme multiservice vise \u00e0 inspirer les gens \u00e0 atteindre leur plein potentiel.<\/h4>\n<p>[\/et_pb_text][et_pb_button button_url=\u00a0\u00bb@ET-DC@eyJkeW5hbWljIjp0cnVlLCJjb250ZW50IjoicG9zdF9saW5rX3VybF9wYWdlIiwic2V0dGluZ3MiOnsicG9zdF9pZCI6IjE1MyJ9fQ==@\u00a0\u00bb button_text=\u00a0\u00bbEn savoir plus\u00a0\u00bb _builder_version=\u00a0\u00bb4.16&Prime; _dynamic_attributes=\u00a0\u00bbbutton_url\u00a0\u00bb _module_preset=\u00a0\u00bb851f84df-a161-45c4-8aac-c713096712ca\u00a0\u00bb global_colors_info=\u00a0\u00bb{}\u00a0\u00bb][\/et_pb_button][\/et_pb_column][et_pb_column type=\u00a0\u00bb1_3&Prime; _builder_version=\u00a0\u00bb4.16&Prime; _module_preset=\u00a0\u00bbdefault\u00a0\u00bb global_colors_info=\u00a0\u00bb{}\u00a0\u00bb][et_pb_blurb title=\u00a0\u00bbRespect\u00a0\u00bb use_icon=\u00a0\u00bbon\u00a0\u00bb font_icon=\u00a0\u00bb&#x5a;||divi||400&Prime; _builder_version=\u00a0\u00bb4.16&Prime; _module_preset=\u00a0\u00bb503b399e-4042-47f7-95fd-ececc1242af2&Prime; global_colors_info=\u00a0\u00bb{}\u00a0\u00bb]<\/p>\n<p>Nous reconnaissons les individus pour ce qu\u2019ils sont et les traitons avec dignit\u00e9.<\/p>\n<p>[\/et_pb_blurb][et_pb_blurb title=\u00a0\u00bbResponsabilisation\u00a0\u00bb use_icon=\u00a0\u00bbon\u00a0\u00bb font_icon=\u00a0\u00bb&#x5a;||divi||400&Prime; _builder_version=\u00a0\u00bb4.16&Prime; _module_preset=\u00a0\u00bb503b399e-4042-47f7-95fd-ececc1242af2&Prime; global_colors_info=\u00a0\u00bb{}\u00a0\u00bb]<\/p>\n<p>Nous d\u00e9ployons tous les efforts possibles pour continuellement \u00e9valuer et am\u00e9liorer notre travail et pour respecter les normes d\u2019\u00e9thique.<\/p>\n<p>[\/et_pb_blurb][et_pb_blurb title=\u00a0\u00bbIng\u00e9niosit\u00e9\u00a0\u00bb use_icon=\u00a0\u00bbon\u00a0\u00bb font_icon=\u00a0\u00bb&#x5a;||divi||400&Prime; _builder_version=\u00a0\u00bb4.16&Prime; _module_preset=\u00a0\u00bb503b399e-4042-47f7-95fd-ececc1242af2&Prime; global_colors_info=\u00a0\u00bb{}\u00a0\u00bb]<\/p>\n<p>Nous trouvons des moyens cr\u00e9atifs et efficaces de r\u00e9pondre aux nouveaux besoins, tout en \u00e9tant proactifs et souples.<\/p>\n<p>[\/et_pb_blurb][\/et_pb_column][et_pb_column type=\u00a0\u00bb1_3&Prime; _builder_version=\u00a0\u00bb4.16&Prime; _module_preset=\u00a0\u00bbdefault\u00a0\u00bb global_colors_info=\u00a0\u00bb{}\u00a0\u00bb][et_pb_blurb title=\u00a0\u00bbCollaboration\u00a0\u00bb use_icon=\u00a0\u00bbon\u00a0\u00bb font_icon=\u00a0\u00bb&#x5a;||divi||400&Prime; _builder_version=\u00a0\u00bb4.16&Prime; _module_preset=\u00a0\u00bb503b399e-4042-47f7-95fd-ececc1242af2&Prime; global_colors_info=\u00a0\u00bb{}\u00a0\u00bb]<\/p>\n<p>Nous travaillons en \u00e9troite collaboration avec les autres, \u00e0 l\u2019int\u00e9rieur comme \u00e0 l\u2019ext\u00e9rieur de notre organisme, afin de fournir les meilleurs soins possibles.<\/p>\n<p>[\/et_pb_blurb][et_pb_blurb title=\u00a0\u00bbInclusivit\u00e9\u00a0\u00bb use_icon=\u00a0\u00bbon\u00a0\u00bb font_icon=\u00a0\u00bb&#x5a;||divi||400&Prime; _builder_version=\u00a0\u00bb4.16&Prime; _module_preset=\u00a0\u00bb503b399e-4042-47f7-95fd-ececc1242af2&Prime; global_colors_info=\u00a0\u00bb{}\u00a0\u00bb]<\/p>\n<p>Nous cr\u00e9ons un environnement o\u00f9 tous se sentent les bienvenus et o\u00f9 les diff\u00e9rentes perspectives, capacit\u00e9s et exp\u00e9riences sont valoris\u00e9es.<\/p>\n<p>[\/et_pb_blurb][\/et_pb_column][\/et_pb_row][\/et_pb_section][et_pb_section fb_built=\u00a0\u00bb1&Prime; custom_padding_last_edited=\u00a0\u00bbon|phone\u00a0\u00bb _builder_version=\u00a0\u00bb4.16&Prime; _module_preset=\u00a0\u00bbdefault\u00a0\u00bb background_color=\u00a0\u00bb#F68D2C\u00a0\u00bb background_image=\u00a0\u00bbhttps:\/\/inspire-sdg.ca\/wp-content\/uploads\/2021\/11\/dot-bg-large.svg\u00a0\u00bb background_size=\u00a0\u00bbinitial\u00a0\u00bb background_position=\u00a0\u00bbtop_right\u00a0\u00bb background_blend=\u00a0\u00bbsoft-light\u00a0\u00bb custom_padding=\u00a0\u00bb0px||100px||false|false\u00a0\u00bb custom_padding_tablet=\u00a0\u00bb0px||15px||false|false\u00a0\u00bb custom_padding_phone=\u00a0\u00bb0px||||false|false\u00a0\u00bb global_colors_info=\u00a0\u00bb{}\u00a0\u00bb][et_pb_row column_structure=\u00a0\u00bb2_3,1_3&Prime; make_equal=\u00a0\u00bbon\u00a0\u00bb _builder_version=\u00a0\u00bb4.16&Prime; _module_preset=\u00a0\u00bbdefault\u00a0\u00bb module_alignment=\u00a0\u00bbcenter\u00a0\u00bb custom_css_main_element=\u00a0\u00bbalign-items: center;\u00a0\u00bb global_colors_info=\u00a0\u00bb{}\u00a0\u00bb][et_pb_column type=\u00a0\u00bb2_3&Prime; _builder_version=\u00a0\u00bb4.16&Prime; _module_preset=\u00a0\u00bbdefault\u00a0\u00bb global_colors_info=\u00a0\u00bb{}\u00a0\u00bb][et_pb_text _builder_version=\u00a0\u00bb4.16&Prime; _module_preset=\u00a0\u00bbdefault\u00a0\u00bb text_font_size=\u00a0\u00bb18px\u00a0\u00bb background_layout=\u00a0\u00bbdark\u00a0\u00bb text_orientation_tablet=\u00a0\u00bbcenter\u00a0\u00bb text_orientation_phone=\u00a0\u00bbcenter\u00a0\u00bb text_orientation_last_edited=\u00a0\u00bbon|tablet\u00a0\u00bb global_colors_info=\u00a0\u00bb{}\u00a0\u00bb]<\/p>\n<h3 class=\"highlighted-text-orange\">Renseignez-vous davantage sur notre fusion<\/h3>\n<p> Le 1 er mai 2019, apr\u00e8s de nombreuses discussions, de multiples rencontres et beaucoup de travail, les Services de counselling et de soutien de S.D. &#038; G. et le Centre des services de d\u00e9veloppement de S.D. &#038; G. ont officiellement fusionn\u00e9 et sont devenus Inspire &#8211; Services de soutien communautaire.[\/et_pb_text][\/et_pb_column][et_pb_column type=\u00a0\u00bb1_3&Prime; _builder_version=\u00a0\u00bb4.16&Prime; _module_preset=\u00a0\u00bbdefault\u00a0\u00bb global_colors_info=\u00a0\u00bb{}\u00a0\u00bb][et_pb_button button_url=\u00a0\u00bb@ET-DC@eyJkeW5hbWljIjp0cnVlLCJjb250ZW50IjoicG9zdF9saW5rX3VybF9wYWdlIiwic2V0dGluZ3MiOnsicG9zdF9pZCI6IjE2MCJ9fQ==@\u00a0\u00bb button_text=\u00a0\u00bbEn savoir plus\u00a0\u00bb button_alignment=\u00a0\u00bbcenter\u00a0\u00bb _builder_version=\u00a0\u00bb4.16&Prime; _dynamic_attributes=\u00a0\u00bbbutton_url\u00a0\u00bb _module_preset=\u00a0\u00bbdefault\u00a0\u00bb global_colors_info=\u00a0\u00bb{}\u00a0\u00bb button_border_color__hover=\u00a0\u00bb#1B2158&Prime; button_bg_color__hover=\u00a0\u00bb#1B2158&Prime; button_bg_color__hover_enabled=\u00a0\u00bbon|desktop\u00a0\u00bb][\/et_pb_button][\/et_pb_column][\/et_pb_row][\/et_pb_section][et_pb_section fb_built=\u00a0\u00bb1&Prime; _builder_version=\u00a0\u00bb4.16&Prime; _module_preset=\u00a0\u00bbdefault\u00a0\u00bb background_color=\u00a0\u00bbRGBA(255,255,255,0)\u00a0\u00bb overflow-x=\u00a0\u00bbvisible\u00a0\u00bb overflow-y=\u00a0\u00bbvisible\u00a0\u00bb custom_padding=\u00a0\u00bb0px||0px||true|false\u00a0\u00bb global_colors_info=\u00a0\u00bb{}\u00a0\u00bb][et_pb_row column_structure=\u00a0\u00bb1_2,1_2&Prime; use_custom_gutter=\u00a0\u00bbon\u00a0\u00bb gutter_width=\u00a0\u00bb1&Prime; make_equal=\u00a0\u00bbon\u00a0\u00bb _builder_version=\u00a0\u00bb4.16&Prime; _module_preset=\u00a0\u00bbdefault\u00a0\u00bb width=\u00a0\u00bb100%\u00a0\u00bb max_width=\u00a0\u00bb100%\u00a0\u00bb custom_margin=\u00a0\u00bb||||false|false\u00a0\u00bb custom_padding=\u00a0\u00bb0px||30px||false|false\u00a0\u00bb global_colors_info=\u00a0\u00bb{}\u00a0\u00bb][et_pb_column type=\u00a0\u00bb1_2&Prime; _builder_version=\u00a0\u00bb4.16&Prime; _module_preset=\u00a0\u00bbdefault\u00a0\u00bb background_image=\u00a0\u00bbhttps:\/\/inspire-sdg.ca\/wp-content\/uploads\/2021\/11\/happy-girl-with-down-syndrome-posing-while-drawing.jpg\u00a0\u00bb custom_css_main_element=\u00a0\u00bbtop: -50px;\u00a0\u00bb global_colors_info=\u00a0\u00bb{}\u00a0\u00bb custom_css_main_element_last_edited=\u00a0\u00bbon|tablet\u00a0\u00bb custom_css_main_element_tablet=\u00a0\u00bb top: 0;\u00a0\u00bb custom_css_main_element_phone=\u00a0\u00bb top: 0;\u00a0\u00bb][et_pb_divider show_divider=\u00a0\u00bboff\u00a0\u00bb _builder_version=\u00a0\u00bb4.16&Prime; _module_preset=\u00a0\u00bbdefault\u00a0\u00bb background_enable_image=\u00a0\u00bboff\u00a0\u00bb custom_padding=\u00a0\u00bb40%||||false|false\u00a0\u00bb global_colors_info=\u00a0\u00bb{}\u00a0\u00bb][\/et_pb_divider][\/et_pb_column][et_pb_column type=\u00a0\u00bb1_2&Prime; _builder_version=\u00a0\u00bb4.16&Prime; _module_preset=\u00a0\u00bbdefault\u00a0\u00bb background_color=\u00a0\u00bb#FFFFFF\u00a0\u00bb z_index=\u00a0\u00bb9&Prime; custom_padding=\u00a0\u00bb50px|50px|50px|50px|false|true\u00a0\u00bb custom_padding_tablet=\u00a0\u00bb50px|10%||10%|false|true\u00a0\u00bb custom_padding_phone=\u00a0\u00bb50px||||false|true\u00a0\u00bb custom_padding_last_edited=\u00a0\u00bbon|tablet\u00a0\u00bb custom_css_main_element=\u00a0\u00bbmargin-left: -100px;||width: calc(50% + 100px)!important;||max-width: 700px;\u00a0\u00bb box_shadow_style=\u00a0\u00bbpreset2&Prime; box_shadow_horizontal=\u00a0\u00bb-30px\u00a0\u00bb box_shadow_vertical=\u00a0\u00bb0px\u00a0\u00bb box_shadow_blur=\u00a0\u00bb30px\u00a0\u00bb box_shadow_color=\u00a0\u00bbrgba(0,0,0,0.1)\u00a0\u00bb global_colors_info=\u00a0\u00bb{}\u00a0\u00bb custom_css_main_element_last_edited=\u00a0\u00bbon|desktop\u00a0\u00bb custom_css_main_element_tablet=\u00a0\u00bbmargin-top: 0;||margin-left: 0;||width: 100%!important;||max-width: 100%;\u00a0\u00bb custom_css_main_element_phone=\u00a0\u00bbmax-width: 100%;||margin-top: 0;||margin-left: 0;\u00a0\u00bb][et_pb_text _builder_version=\u00a0\u00bb4.16&Prime; _module_preset=\u00a0\u00bbdefault\u00a0\u00bb header_4_font_size=\u00a0\u00bb24px\u00a0\u00bb custom_margin=\u00a0\u00bb||15px||false|false\u00a0\u00bb global_colors_info=\u00a0\u00bb{}\u00a0\u00bb]<\/p>\n<h4 class=\"highlighted-text-blue\"> Actualit\u00e9s et mises \u00e0 jour<\/h4>\n<p>[\/et_pb_text][et_pb_text _builder_version=\u00a0\u00bb4.16&Prime; _module_preset=\u00a0\u00bbdefault\u00a0\u00bb global_colors_info=\u00a0\u00bb{}\u00a0\u00bb]<\/p>\n<p>D\u2019autres actualit\u00e9s et mises \u00e0 jour sont \u00e0 venir. Veuillez consulter le site r\u00e9guli\u00e8rement.<\/p>\n<p>[\/et_pb_text][et_pb_blog include_categories=\u00a0\u00bball\u00a0\u00bb excerpt_length=\u00a0\u00bb180&Prime; show_more=\u00a0\u00bbon\u00a0\u00bb show_pagination=\u00a0\u00bboff\u00a0\u00bb disabled_on=\u00a0\u00bbon|on|on\u00a0\u00bb _builder_version=\u00a0\u00bb4.16&Prime; _module_preset=\u00a0\u00bbdefault\u00a0\u00bb header_level=\u00a0\u00bbh4&Prime; body_text_color=\u00a0\u00bb#222222&Prime; meta_text_color=\u00a0\u00bbrgba(27,33,88,0.6)\u00a0\u00bb read_more_text_color=\u00a0\u00bb#272F7D\u00a0\u00bb custom_css_read_more=\u00a0\u00bbmargin-top: 10px\u00a0\u00bb disabled=\u00a0\u00bbon\u00a0\u00bb global_colors_info=\u00a0\u00bb{}\u00a0\u00bb][\/et_pb_blog][et_pb_button button_url=\u00a0\u00bbhttps:\/\/inspire-sdg.ca\/fr\/category\/nouvelles\/\u00a0\u00bb button_text=\u00a0\u00bbVoir toutes les mises \u00e0 jour\u00a0\u00bb button_alignment=\u00a0\u00bbright\u00a0\u00bb disabled_on=\u00a0\u00bbon|on|on\u00a0\u00bb _builder_version=\u00a0\u00bb4.16&Prime; _module_preset=\u00a0\u00bb851f84df-a161-45c4-8aac-c713096712ca\u00a0\u00bb disabled=\u00a0\u00bbon\u00a0\u00bb global_colors_info=\u00a0\u00bb{}\u00a0\u00bb][\/et_pb_button][\/et_pb_column][\/et_pb_row][\/et_pb_section]<\/p>\n","protected":false},"excerpt":{"rendered":"<p>Profitez des services de soutien pour vous aider \u00e0 mener la meilleure vie possible.Une communaut\u00e9 o\u00f9 les individus re\u00e7oivent le soutien et d\u00e9veloppent les moyens n\u00e9cessaires pour mener une vie saine et \u00e9panouie.Inspire \u2013 Services de soutien communautaire \u00a0 Une communaut\u00e9 o\u00f9 les individus re\u00e7oivent le soutien et d\u00e9veloppent les moyens n\u00e9cessaires pour mener une [&hellip;]<\/p>\n","protected":false},"author":1,"featured_media":0,"parent":0,"menu_order":0,"comment_status":"closed","ping_status":"closed","template":"","meta":{"_acf_changed":false,"_et_pb_use_builder":"on","_et_pb_old_content":"","_et_gb_content_width":"","footnotes":""},"class_list":["post-1848","page","type-page","status-publish","hentry"],"acf":[],"_links":{"self":[{"href":"https:\/\/inspire-sdg.ca\/fr\/wp-json\/wp\/v2\/pages\/1848","targetHints":{"allow":["GET"]}}],"collection":[{"href":"https:\/\/inspire-sdg.ca\/fr\/wp-json\/wp\/v2\/pages"}],"about":[{"href":"https:\/\/inspire-sdg.ca\/fr\/wp-json\/wp\/v2\/types\/page"}],"author":[{"embeddable":true,"href":"https:\/\/inspire-sdg.ca\/fr\/wp-json\/wp\/v2\/users\/1"}],"replies":[{"embeddable":true,"href":"https:\/\/inspire-sdg.ca\/fr\/wp-json\/wp\/v2\/comments?post=1848"}],"version-history":[{"count":104,"href":"https:\/\/inspire-sdg.ca\/fr\/wp-json\/wp\/v2\/pages\/1848\/revisions"}],"predecessor-version":[{"id":4552,"href":"https:\/\/inspire-sdg.ca\/fr\/wp-json\/wp\/v2\/pages\/1848\/revisions\/4552"}],"wp:attachment":[{"href":"https:\/\/inspire-sdg.ca\/fr\/wp-json\/wp\/v2\/media?parent=1848"}],"curies":[{"name":"wp","href":"https:\/\/api.w.org\/{rel}","templated":true}]}}