{"id":1839,"date":"2022-01-21T11:08:26","date_gmt":"2022-01-21T16:08:26","guid":{"rendered":"https:\/\/inspire-sdg.ca\/nous-joindre\/"},"modified":"2025-02-03T12:06:28","modified_gmt":"2025-02-03T17:06:28","slug":"nous-joindre","status":"publish","type":"page","link":"https:\/\/inspire-sdg.ca\/fr\/nous-joindre\/","title":{"rendered":"Nous joindre"},"content":{"rendered":"\n<h2 class=\"wp-block-heading\">Bureaux principaux:<\/h2>\n\n\n\n<p>1424 avenue Aubin<br>Unit 1, Suite 100<br>Cornwall, Ontario K6J 4S2<strong><br><\/strong>T\u00e9l\u00e9phone :\u00a0\u00a0<a href=\"tel:6139373072\">613-937-3072<\/a>\u00a0\/\u00a0<a href=\"tel:6139324610\">613-932-4610<\/a>\u00a0\/\u00a0<a href=\"tel:18556478483\"><\/a><a href=\"tel:18002671724\">1-800-267-1724<\/a><br>T\u00e9l\u00e9copieur: 613-937-4550<br>Courriel:\u00a0<a href=\"mailto:info@inspire-sdg.ca\">info@inspire-sdg.ca<\/a><\/p>\n\n\n\n<p><\/p>\n\n\n\n<p><\/p>\n\n\n\n<h2 class=\"wp-block-heading\">Bureaux satellites:<\/h2>\n\n\n\n<p><em>Sur rendez-vous seulement. Veuillez communiquer avec l\u2019un de nos bureaux principaux pour de plus amples renseignments sur les services offerts dans l\u2019un de nos bureaux satellites.<\/em> <\/p>\n\n\n\n<p>530, rue Fred, local G3<br>Winchester, ON K0C 2K0<br><\/p>\n\n\n\n<p>260, boulevard Industrial<br>Alexandria, ON K0C 1A0<\/p>\n\n\n\n<p><\/p>\n\n\n\n<h2 class=\"wp-block-heading\">Heures d\u2019ouverture: <\/h2>\n\n\n\n<figure class=\"wp-block-table is-style-stripes\"><table><tbody><tr><td>lundi<\/td><td>8h \u00e0 16h<\/td><\/tr><tr><td>mardi<\/td><td>8h \u00e0 16h<\/td><\/tr><tr><td>mercredi<\/td><td>8h \u00e0 16h<\/td><\/tr><tr><td>jeudi<\/td><td>8h \u00e0 16h<\/td><\/tr><tr><td>vendredi<\/td><td>8h \u00e0 16h<\/td><\/tr><\/tbody><\/table><figcaption class=\"wp-element-caption\">*Ferm\u00e9 entre 12h et 13h<\/figcaption><\/figure>\n\n\n\n<hr class=\"wp-block-separator has-css-opacity\"\/>\n\n\n\n<h2 class=\"wp-block-heading\">R\u00e9troaction et plaintes<\/h2>\n\n\n\n<p>L\u2019organisme s\u2019engage \u00e0 offrir des services de qualit\u00e9 en fran\u00e7ais et en anglais.<\/p>\n\n\n\n<p>Il reconna\u00eet le droit d\u2019\u00eatre entendu de tout enfant, jeune ou adulte qu\u2019il prend en charge. \u00c0 cette fin, l\u2019organisme donnera l\u2019occasion aux personnes prises en charge et \u00e0 leurs proches de fournir une r\u00e9troaction, d\u2019exprimer des pr\u00e9occupations ou de formuler des plaintes.<\/p>\n\n\n\n<p>Il est possible que le grand public ou la client\u00e8le aient des commentaires ou ne soient pas satisfaits de ce qui suit :<\/p>\n\n\n\n<ul class=\"wp-block-list\">\n<li>la qualit\u00e9 d\u2019un service offert ou non offert, ou encore la langue dans laquelle le service est offert ;<\/li>\n\n\n\n<li>le comportement ou les d\u00e9cisions d\u2019un membre du personnel ;<\/li>\n\n\n\n<li>les pratiques, les politiques ou les proc\u00e9dures de l\u2019organisme ;<\/li>\n\n\n\n<li>les normes d\u2019accessibilit\u00e9 du service \u00e0 la client\u00e8le, ou<\/li>\n\n\n\n<li>la protection de la vie priv\u00e9e ou la confidentialit\u00e9.<\/li>\n<\/ul>\n\n\n\n<p>Les services de soutien communautaire Inspire appr\u00e9cient recevoir les commentaires de ses utilisateurs concernant les services qu\u2019ils proposent. Toute r\u00e9troaction sous forme de plainte sera trait\u00e9e conform\u00e9ment aux proc\u00e9dures d\u00e9crites dans la pr\u00e9sente politique. Veuillez cliquer sur le lien ci-dessous pour la politique compl\u00e8te et le formulaire de r\u00e9troaction et de plaintes.<\/p>\n\n\n\n<p><a href=\"\/wp-content\/uploads\/2022\/07\/INSPIRE-O-2.05-Politique-Retroaction-et-plaintes.pdf\">Politique et proc\u00e9dure<\/a><\/p>\n\n\n\n<p><a href=\"\/wp-content\/uploads\/2022\/07\/INSPIRE-Formulaire-de-retroaction-et-de-plaintes.pdf\">Formulaire de r\u00e9troaction et de plaintes<\/a><\/p>\n","protected":false},"excerpt":{"rendered":"<p>Bureaux principaux: 1424 avenue AubinUnit 1, Suite 100Cornwall, Ontario K6J 4S2T\u00e9l\u00e9phone :\u00a0\u00a0613-937-3072\u00a0\/\u00a0613-932-4610\u00a0\/\u00a01-800-267-1724T\u00e9l\u00e9copieur: 613-937-4550Courriel:\u00a0info@inspire-sdg.ca Bureaux satellites: Sur rendez-vous seulement. Veuillez communiquer avec l\u2019un de nos bureaux principaux pour de plus amples renseignments sur les services offerts dans l\u2019un de nos bureaux satellites. 530, rue Fred, local G3Winchester, ON K0C 2K0 260, boulevard IndustrialAlexandria, ON K0C 1A0 [&hellip;]<\/p>\n","protected":false},"author":1,"featured_media":0,"parent":0,"menu_order":0,"comment_status":"closed","ping_status":"closed","template":"","meta":{"_acf_changed":false,"_et_pb_use_builder":"","_et_pb_old_content":"","_et_gb_content_width":"","footnotes":""},"class_list":["post-1839","page","type-page","status-publish","hentry"],"acf":[],"_links":{"self":[{"href":"https:\/\/inspire-sdg.ca\/fr\/wp-json\/wp\/v2\/pages\/1839","targetHints":{"allow":["GET"]}}],"collection":[{"href":"https:\/\/inspire-sdg.ca\/fr\/wp-json\/wp\/v2\/pages"}],"about":[{"href":"https:\/\/inspire-sdg.ca\/fr\/wp-json\/wp\/v2\/types\/page"}],"author":[{"embeddable":true,"href":"https:\/\/inspire-sdg.ca\/fr\/wp-json\/wp\/v2\/users\/1"}],"replies":[{"embeddable":true,"href":"https:\/\/inspire-sdg.ca\/fr\/wp-json\/wp\/v2\/comments?post=1839"}],"version-history":[{"count":28,"href":"https:\/\/inspire-sdg.ca\/fr\/wp-json\/wp\/v2\/pages\/1839\/revisions"}],"predecessor-version":[{"id":4241,"href":"https:\/\/inspire-sdg.ca\/fr\/wp-json\/wp\/v2\/pages\/1839\/revisions\/4241"}],"wp:attachment":[{"href":"https:\/\/inspire-sdg.ca\/fr\/wp-json\/wp\/v2\/media?parent=1839"}],"curies":[{"name":"wp","href":"https:\/\/api.w.org\/{rel}","templated":true}]}}