{"id":1837,"date":"2022-01-21T11:07:35","date_gmt":"2022-01-21T16:07:35","guid":{"rendered":"https:\/\/inspire-sdg.ca\/faire-un-don\/"},"modified":"2022-03-14T11:46:48","modified_gmt":"2022-03-14T15:46:48","slug":"faire-un-don","status":"publish","type":"page","link":"https:\/\/inspire-sdg.ca\/fr\/faire-un-don\/","title":{"rendered":"Faire un don"},"content":{"rendered":"\n<p>Nous appr\u00e9cions toujours les dons destin\u00e9s \u00e0 nos programmes et nos services pour aider la client\u00e8le que nous soutenons. Vous pouvez faire un don pour l\u2019un des services suivants :<\/p>\n\n<ul class=\"wp-block-list\"><li>Services pour les enfants ayant une d\u00e9ficience intellectuelle<\/li><li>Services pour les adultes ayant une d\u00e9ficience intellectuelle<\/li><li>Services r\u00e9sidentiels, de rel\u00e8ve et de soutien<\/li><li>Services cliniques et de soutien<\/li><li>autre (projet particulier que vous souhaitez soutenir)<\/li><\/ul>\n\n<p>Pour faire un don, veuillez cliquer sur le formulaire de don et s\u00e9lectionner votre type de don parmi les options ci-dessous.<\/p>\n\n<p>NE : 128759032 RR 0001<\/p>\n\n<div class=\"wp-block-buttons is-layout-flex wp-block-buttons-is-layout-flex\">\n<div class=\"wp-block-button\"><a class=\"wp-block-button__link\" href=\"https:\/\/inspire-sdg.ca\/wp-content\/uploads\/2022\/03\/Formulaire-de-don.docx\" target=\"_blank\" rel=\"noreferrer noopener\">Formulaire de don<\/a><\/div>\n<\/div>\n\n<p><\/p>\n\n<h3 class=\"wp-block-heading\">Pour les dons effectu\u00e9s par transfert \u00e9lectronique de fonds :<\/h3>\n\n<ol class=\"wp-block-list\"><li>Remplir le formulaire et l\u2019envoyer par courriel \u00e0: <a href=\"mailto:finance@inspire-sdg.ca\">finance@inspire-sdg.ca<\/a> <\/li><li>Envoyer le transfert \u00e9lectronique de fonds \u00e0: <a href=\"mailto:finance@inspire-sdg.ca\">finance@inspire-sdg.ca<\/a> <\/li><li>Choisir le mot de passe \u00ab donation \u00bb<\/li><\/ol>\n\n<p><\/p>\n\n<h3 class=\"wp-block-heading\">Pour les dons effectu\u00e9s par ch\u00e8que : <\/h3>\n\n<ol class=\"wp-block-list\"><li>Remplir le formulaire<\/li><li>Joindre votre ch\u00e8que \u00e0 l\u2019ordre de \u00ab Services de soutien communautaire Inspire \u00bb et l\u2019envoyer \u00e0 l\u2019adresse suivante :<\/li><\/ol>\n\n<p>Inspire \u2013 Services de soutien communautaire <br\/>775, rue Campbell,<br\/>Cornwall ON K6H 7B7<\/p>\n\n<p><\/p>\n\n<h3 class=\"wp-block-heading\">Pour les dons effectu\u00e9s en personne au moyen d\u2019une carte de d\u00e9bit ou de cr\u00e9dit :<\/h3>\n\n<ol class=\"wp-block-list\"><li>Remplir le formulaire et le remettre en personne au 26, chemin Montreal pour faire votre don.<\/li><\/ol>\n\n<p><em>Les re\u00e7us aux fins de l\u2019imp\u00f4t sur le revenu pour les dons de 20,00 $ ou plus seront envoy\u00e9s par courriel ou par la poste.<\/em><\/p>\n\n<p><\/p>\n","protected":false},"excerpt":{"rendered":"<p>Nous appr\u00e9cions toujours les dons destin\u00e9s \u00e0 nos programmes et nos services pour aider la client\u00e8le que nous soutenons. Vous pouvez faire un don pour l\u2019un des services suivants : Services pour les enfants ayant une d\u00e9ficience intellectuelle Services pour les adultes ayant une d\u00e9ficience intellectuelle Services r\u00e9sidentiels, de rel\u00e8ve et de soutien Services cliniques [&hellip;]<\/p>\n","protected":false},"author":1,"featured_media":0,"parent":0,"menu_order":0,"comment_status":"closed","ping_status":"closed","template":"","meta":{"_acf_changed":false,"_et_pb_use_builder":"","_et_pb_old_content":"","_et_gb_content_width":"","footnotes":""},"class_list":["post-1837","page","type-page","status-publish","hentry"],"acf":[],"_links":{"self":[{"href":"https:\/\/inspire-sdg.ca\/fr\/wp-json\/wp\/v2\/pages\/1837","targetHints":{"allow":["GET"]}}],"collection":[{"href":"https:\/\/inspire-sdg.ca\/fr\/wp-json\/wp\/v2\/pages"}],"about":[{"href":"https:\/\/inspire-sdg.ca\/fr\/wp-json\/wp\/v2\/types\/page"}],"author":[{"embeddable":true,"href":"https:\/\/inspire-sdg.ca\/fr\/wp-json\/wp\/v2\/users\/1"}],"replies":[{"embeddable":true,"href":"https:\/\/inspire-sdg.ca\/fr\/wp-json\/wp\/v2\/comments?post=1837"}],"version-history":[{"count":11,"href":"https:\/\/inspire-sdg.ca\/fr\/wp-json\/wp\/v2\/pages\/1837\/revisions"}],"predecessor-version":[{"id":2932,"href":"https:\/\/inspire-sdg.ca\/fr\/wp-json\/wp\/v2\/pages\/1837\/revisions\/2932"}],"wp:attachment":[{"href":"https:\/\/inspire-sdg.ca\/fr\/wp-json\/wp\/v2\/media?parent=1837"}],"curies":[{"name":"wp","href":"https:\/\/api.w.org\/{rel}","templated":true}]}}