{"id":1737,"date":"2022-01-10T15:30:49","date_gmt":"2022-01-10T20:30:49","guid":{"rendered":"https:\/\/inspire-sdg.ca\/services\/services-residentiels-de-releve-et-de-soutien-communautaire\/programme-de-services-de-releve-pour-les-fournisseurs-de-soins-aux-enfants-et-aux-adultes-ayant-une-deficience-intellectuelle\/"},"modified":"2022-03-09T10:00:15","modified_gmt":"2022-03-09T15:00:15","slug":"programme-de-services-de-releve-pour-les-fournisseurs-de-soins-aux-enfants-et-aux-adultes-ayant-une-deficience-intellectuelle","status":"publish","type":"page","link":"https:\/\/inspire-sdg.ca\/fr\/services\/services-residentiels-de-releve-et-de-soutien\/programme-de-services-de-releve-pour-les-fournisseurs-de-soins-aux-enfants-et-aux-adultes-ayant-une-deficience-intellectuelle\/","title":{"rendered":"Programme de services de rel\u00e8ve pour les fournisseurs de soins aux enfants et aux adultes ayant une d\u00e9ficience intellectuelle"},"content":{"rendered":"\n<p>Le programme de services de rel\u00e8ve pour les fournisseurs de soins offre un r\u00e9pit \u00e0 court terme hors du domicile pour les enfants et les adultes ayant une d\u00e9ficience intellectuelle. La maison de r\u00e9pit est situ\u00e9e dans la ville de Cornwall. Le personnel est form\u00e9 pour r\u00e9pondre aux divers besoins des enfants et des adultes et pour leur offrir une exp\u00e9rience significative dans les domaines des loisirs, de la socialisation et des habilet\u00e9s d\u2019adaptation \u00e0 la vie quotidienne.<\/p>\n\n<p>Les fournisseurs de soins peuvent b\u00e9n\u00e9ficier de services de rel\u00e8ve \u00e0 court terme qui leur donnent l\u2019occasion de prendre soin d\u2019eux-m\u00eames et\/ou de r\u00e9pondre \u00e0 d\u2019autres besoins.<\/p>\n\n<h3 class=\"wp-block-heading\" id=\"eligibility\">Admissibilit\u00e9 :<\/h3>\n\n<h4 class=\"wp-block-heading\" id=\"children\">ENFANTS<\/h4>\n\n<p>Afin d\u2019\u00eatre admissible au programme de r\u00e9pit familial, l\u2019enfant doit r\u00e9pondre aux crit\u00e8res suivants :<\/p>\n\n<ul class=\"wp-block-list\"><li>enfants de 0 \u00e0 18 ans qui pr\u00e9sentent une d\u00e9ficience intellectuelle ;<\/li><\/ul>\n\n<p><strong>*<\/strong>Les enfants ayant re\u00e7u un diagnostic de trouble du spectre de l\u2019autisme <strong>doivent \u00e9galement<\/strong> avoir un diagnostic de d\u00e9ficience intellectuelle pour \u00eatre admissibles au programme de r\u00e9pit familial.<\/p>\n\n<h4 class=\"wp-block-heading\" id=\"adults\">ADULTES<\/h4>\n\n<p>Vous devez faire une demande par l\u2019entremise des Services de l\u2019Ontario pour les personnes ayant une d\u00e9ficience intellectuelle (SOPDI). Veuillez consulter le lien suivant : <\/p>\n\n<div class=\"wp-block-buttons is-layout-flex wp-block-buttons-is-layout-flex\">\n<div class=\"wp-block-button\"><a class=\"wp-block-button__link\" href=\"https:\/\/scsonline.ca\/fr\/intake\/application-dsoer-fr\/\" target=\"_blank\" rel=\"noreferrer noopener\">Application SOPDI<\/a><\/div>\n<\/div>\n\n<p><\/p>\n\n<h3 class=\"wp-block-heading\" id=\"referral-process\">Comment faire demande :<\/h3>\n\n<h4 class=\"wp-block-heading\" id=\"children\">ENFANTS<\/h4>\n\n<p>Si votre enfant r\u00e9pond aux crit\u00e8res pr\u00e9cit\u00e9s, veuillez remplir l\u2019un des deux formulaires de demande suivants :<\/p>\n\n<div class=\"wp-block-buttons is-layout-flex wp-block-buttons-is-layout-flex\">\n<div class=\"wp-block-button\"><a class=\"wp-block-button__link\" href=\"https:\/\/inspire-sdg.ca\/wp-content\/uploads\/2022\/01\/DEMANDE-DE-SERVICES-POUR-LES-ENFANTS-DAGE-SCOLAIRE-ET-MOINS-JUIL-2021.docx\">Demande de services &#8211; Enfants d&rsquo;\u00e2ge scolaire et moins<\/a><\/div>\n<\/div>\n\n<div class=\"wp-block-buttons is-layout-flex wp-block-buttons-is-layout-flex\">\n<div class=\"wp-block-button\"><a class=\"wp-block-button__link\" href=\"https:\/\/inspire-sdg.ca\/wp-content\/uploads\/2022\/01\/DEMANDE-DE-SERVICES-POUR-LES-ENFANTS-DAGE-SCOLAIRE-JUIL-2021.docx\">Demande de services &#8211; Enfants d&rsquo;\u00e2ge scolaire<\/a><\/div>\n<\/div>\n\n<p><\/p>\n\n<p>Veuillez envoyer votre demande par courriel \u00e0 <a href=\"mailto:intake@inspire-sdg.ca\">intake@inspire-sdg.ca<\/a> ou par t\u00e9l\u00e9copieur au 613-937-4550.<\/p>\n\n<p>Si vous avez des questions concernant la d\u00e9marche \u00e0 suivre, veuillez composer le <a href=\"tel:6139373072x233\">613-937-3072<\/a>, poste 233, ou envoyer un courriel \u00e0 <a href=\"mailto:intake@inspire-sdg.ca\">intake@inspire-sdg.ca<\/a>. <\/p>\n\n<h4 class=\"wp-block-heading\" id=\"adults\">ADULTES<\/h4>\n\n<p>Une fois que la SOPDI nous aura achemin\u00e9 votre demande, un membre de l\u2019\u00e9quipe des services de rel\u00e8ve communiquera avec vous pour discuter de votre dossier.<\/p>\n\n<h3 class=\"wp-block-heading\" id=\"cost-fees-will-apply-and-will-be-discussed-upon-assessment\">Co\u00fbt : Des frais s\u2019appliquent et seront discut\u00e9s lors de l\u2019\u00e9valuation.<\/h3>\n","protected":false},"excerpt":{"rendered":"<p>Le programme de services de rel\u00e8ve pour les fournisseurs de soins offre un r\u00e9pit \u00e0 court terme hors du domicile pour les enfants et les adultes ayant une d\u00e9ficience intellectuelle. La maison de r\u00e9pit est situ\u00e9e dans la ville de Cornwall. Le personnel est form\u00e9 pour r\u00e9pondre aux divers besoins des enfants et des adultes [&hellip;]<\/p>\n","protected":false},"author":1,"featured_media":0,"parent":1697,"menu_order":0,"comment_status":"closed","ping_status":"closed","template":"","meta":{"_acf_changed":false,"_et_pb_use_builder":"","_et_pb_old_content":"","_et_gb_content_width":"","footnotes":""},"class_list":["post-1737","page","type-page","status-publish","hentry"],"acf":[],"_links":{"self":[{"href":"https:\/\/inspire-sdg.ca\/fr\/wp-json\/wp\/v2\/pages\/1737","targetHints":{"allow":["GET"]}}],"collection":[{"href":"https:\/\/inspire-sdg.ca\/fr\/wp-json\/wp\/v2\/pages"}],"about":[{"href":"https:\/\/inspire-sdg.ca\/fr\/wp-json\/wp\/v2\/types\/page"}],"author":[{"embeddable":true,"href":"https:\/\/inspire-sdg.ca\/fr\/wp-json\/wp\/v2\/users\/1"}],"replies":[{"embeddable":true,"href":"https:\/\/inspire-sdg.ca\/fr\/wp-json\/wp\/v2\/comments?post=1737"}],"version-history":[{"count":22,"href":"https:\/\/inspire-sdg.ca\/fr\/wp-json\/wp\/v2\/pages\/1737\/revisions"}],"predecessor-version":[{"id":2830,"href":"https:\/\/inspire-sdg.ca\/fr\/wp-json\/wp\/v2\/pages\/1737\/revisions\/2830"}],"up":[{"embeddable":true,"href":"https:\/\/inspire-sdg.ca\/fr\/wp-json\/wp\/v2\/pages\/1697"}],"wp:attachment":[{"href":"https:\/\/inspire-sdg.ca\/fr\/wp-json\/wp\/v2\/media?parent=1737"}],"curies":[{"name":"wp","href":"https:\/\/api.w.org\/{rel}","templated":true}]}}