{"id":1734,"date":"2022-01-10T15:17:27","date_gmt":"2022-01-10T20:17:27","guid":{"rendered":"https:\/\/inspire-sdg.ca\/services\/services-residentiels-de-releve-et-de-soutien-communautaire\/services-de-releve-independants\/"},"modified":"2022-03-09T10:50:02","modified_gmt":"2022-03-09T15:50:02","slug":"services-de-releve-independants","status":"publish","type":"page","link":"https:\/\/inspire-sdg.ca\/fr\/services\/services-residentiels-de-releve-et-de-soutien\/services-de-releve-independants\/","title":{"rendered":"Services de rel\u00e8ve ind\u00e9pendants"},"content":{"rendered":"\n<p>Un financement peut \u00eatre accord\u00e9 pour payer les services d\u2019un particulier afin de fournir des services de rel\u00e8ve \u00e0 court terme au domicile de l\u2019enfant ou de l\u2019adulte ou des services de soutien au sein de la communaut\u00e9. L\u2019enfant\/l\u2019adulte doit avoir une d\u00e9ficience intellectuelle. Les fournisseurs de soins peuvent profiter de services de rel\u00e8ve \u00e0 court terme et de soutien dans la communaut\u00e9, leur donnant ainsi l\u2019occasion de prendre soin d\u2019eux-m\u00eames et\/ou de r\u00e9pondre \u00e0 d\u2019autres besoins.<\/p>\n\n<p>Ce financement est rendu possible gr\u00e2ce \u00e0 la g\u00e9n\u00e9reuse contribution de Centraide de SD &amp; G. La possibilit\u00e9 de fournir ces services est fonction du renouvellement annuel du financement.<\/p>\n\n<h3 class=\"wp-block-heading\">Comment faire demande :<\/h3>\n\n<p>Si l\u2019enfant\/l\u2019adulte r\u00e9pond aux crit\u00e8res pr\u00e9cit\u00e9s, veuillez remplir l\u2019un des trois formulaires de demande suivants :<\/p>\n\n<div class=\"wp-block-buttons is-layout-flex wp-block-buttons-is-layout-flex\">\n<div class=\"wp-block-button\"><a class=\"wp-block-button__link\" href=\"https:\/\/inspire-sdg.ca\/wp-content\/uploads\/2022\/01\/DEMANDE-DE-SERVICES-POUR-LES-ENFANTS-DAGE-SCOLAIRE-ET-MOINS-JUIL-2021.docx\">Demande de services &#8211; Enfants d&rsquo;\u00e2ge scolaire et moins<\/a><\/div>\n<\/div>\n\n<div class=\"wp-block-buttons is-layout-flex wp-block-buttons-is-layout-flex\">\n<div class=\"wp-block-button\"><a class=\"wp-block-button__link\" href=\"https:\/\/inspire-sdg.ca\/wp-content\/uploads\/2022\/01\/DEMANDE-DE-SERVICES-POUR-LES-ENFANTS-DAGE-SCOLAIRE-JUIL-2021.docx\">Demande de services &#8211; Enfants d&rsquo;\u00e2ge scolaire<\/a><\/div>\n<\/div>\n\n<div class=\"wp-block-buttons is-layout-flex wp-block-buttons-is-layout-flex\">\n<div class=\"wp-block-button\"><a class=\"wp-block-button__link\" href=\"https:\/\/inspire-sdg.ca\/wp-content\/uploads\/2022\/01\/DEMANDE-DE-SERVICES-POUR-LES-ADULTES-18-ANS-ET-PLUS-JUIL-2021.docx\">Demande de services &#8211; Adultes<\/a><\/div>\n<\/div>\n\n<p><\/p>\n\n<p>Veuillez envoyer votre demande par courriel \u00e0 <a href=\"mailto:intake@inspire-sdg.ca\">intake@inspire-sdg.ca<\/a> ou par t\u00e9l\u00e9copieur au 613-937-4550.<\/p>\n\n<p>Les demandes peuvent \u00e9galement \u00eatre faites par un gestionnaire de cas.<br\/>Si vous avez des questions concernant la d\u00e9marche \u00e0 suivre, veuillez appeler le 613-937-3072, poste 233 ou envoyer un courriel \u00e0 <a href=\"mailto:intake@inspire-sdg.ca\">intake@inspire-sdg.ca<\/a>.<\/p>\n\n<h3 class=\"wp-block-heading\">Co\u00fbt : Gratuit<\/h3>\n\n<p><\/p>\n","protected":false},"excerpt":{"rendered":"<p>Un financement peut \u00eatre accord\u00e9 pour payer les services d\u2019un particulier afin de fournir des services de rel\u00e8ve \u00e0 court terme au domicile de l\u2019enfant ou de l\u2019adulte ou des services de soutien au sein de la communaut\u00e9. L\u2019enfant\/l\u2019adulte doit avoir une d\u00e9ficience intellectuelle. Les fournisseurs de soins peuvent profiter de services de rel\u00e8ve \u00e0 [&hellip;]<\/p>\n","protected":false},"author":1,"featured_media":0,"parent":1697,"menu_order":0,"comment_status":"closed","ping_status":"closed","template":"","meta":{"_acf_changed":false,"_et_pb_use_builder":"","_et_pb_old_content":"","_et_gb_content_width":"","footnotes":""},"class_list":["post-1734","page","type-page","status-publish","hentry"],"acf":[],"_links":{"self":[{"href":"https:\/\/inspire-sdg.ca\/fr\/wp-json\/wp\/v2\/pages\/1734","targetHints":{"allow":["GET"]}}],"collection":[{"href":"https:\/\/inspire-sdg.ca\/fr\/wp-json\/wp\/v2\/pages"}],"about":[{"href":"https:\/\/inspire-sdg.ca\/fr\/wp-json\/wp\/v2\/types\/page"}],"author":[{"embeddable":true,"href":"https:\/\/inspire-sdg.ca\/fr\/wp-json\/wp\/v2\/users\/1"}],"replies":[{"embeddable":true,"href":"https:\/\/inspire-sdg.ca\/fr\/wp-json\/wp\/v2\/comments?post=1734"}],"version-history":[{"count":8,"href":"https:\/\/inspire-sdg.ca\/fr\/wp-json\/wp\/v2\/pages\/1734\/revisions"}],"predecessor-version":[{"id":2852,"href":"https:\/\/inspire-sdg.ca\/fr\/wp-json\/wp\/v2\/pages\/1734\/revisions\/2852"}],"up":[{"embeddable":true,"href":"https:\/\/inspire-sdg.ca\/fr\/wp-json\/wp\/v2\/pages\/1697"}],"wp:attachment":[{"href":"https:\/\/inspire-sdg.ca\/fr\/wp-json\/wp\/v2\/media?parent=1734"}],"curies":[{"name":"wp","href":"https:\/\/api.w.org\/{rel}","templated":true}]}}