{"id":1722,"date":"2022-01-10T14:51:55","date_gmt":"2022-01-10T19:51:55","guid":{"rendered":"https:\/\/inspire-sdg.ca\/services\/services-cliniques-et-de-soutien\/survivants-masculins-de-violence-sexuelle\/"},"modified":"2022-01-10T14:51:55","modified_gmt":"2022-01-10T19:51:55","slug":"survivants-masculins-de-violence-sexuelle","status":"publish","type":"page","link":"https:\/\/inspire-sdg.ca\/fr\/services\/services-cliniques-et-de-soutien\/survivants-masculins-de-violence-sexuelle\/","title":{"rendered":"Survivants masculins de violence sexuelle"},"content":{"rendered":"\n<p>Le programme pour les survivants masculins de violence sexuelle fournit de l\u2019aide aux survivants de sexe masculin qui ont \u00e9t\u00e9 victimes de mauvais traitements sexuels, qu\u2019ils soient r\u00e9cents ou de longue date. Nos s\u00e9ances individuelles permettent aux hommes de parler des mauvais traitements pass\u00e9s dans un environnement s\u00e9curitaire et confidentiel. L\u2019objectif du programme est de soutenir les hommes, de leur fournir un lieu s\u00e9curitaire pour se confier et pour briser le silence, de leur permettre d\u2019acqu\u00e9rir des connaissances sur les effets de la violence sexuelle sur leur vie et de les aider \u00e0 d\u00e9velopper une force int\u00e9rieure et \u00e0 am\u00e9liorer leurs comp\u00e9tences pour g\u00e9rer les d\u00e9fis de la vie.<\/p>\n\n<h3 class=\"wp-block-heading\">Admissibilit\u00e9 : <\/h3>\n\n<p>Hommes de 16 ans et plus. <\/p>\n\n<h3 class=\"wp-block-heading\">Comment faire demande<\/h3>\n\n<p>Nous acceptons les demandes faites par t\u00e9l\u00e9phone. Veuillez communiquer avec nous au <a href=\"tel:6139324610x121\">613-932-4610<\/a>, poste 121.<\/p>\n\n<h3 class=\"wp-block-heading\">Co\u00fbt : Gratuit<\/h3>\n\n<p><\/p>\n","protected":false},"excerpt":{"rendered":"<p>Le programme pour les survivants masculins de violence sexuelle fournit de l\u2019aide aux survivants de sexe masculin qui ont \u00e9t\u00e9 victimes de mauvais traitements sexuels, qu\u2019ils soient r\u00e9cents ou de longue date. Nos s\u00e9ances individuelles permettent aux hommes de parler des mauvais traitements pass\u00e9s dans un environnement s\u00e9curitaire et confidentiel. L\u2019objectif du programme est de [&hellip;]<\/p>\n","protected":false},"author":1,"featured_media":0,"parent":1689,"menu_order":0,"comment_status":"closed","ping_status":"closed","template":"","meta":{"_acf_changed":false,"_et_pb_use_builder":"","_et_pb_old_content":"","_et_gb_content_width":"","footnotes":""},"class_list":["post-1722","page","type-page","status-publish","hentry"],"acf":[],"_links":{"self":[{"href":"https:\/\/inspire-sdg.ca\/fr\/wp-json\/wp\/v2\/pages\/1722","targetHints":{"allow":["GET"]}}],"collection":[{"href":"https:\/\/inspire-sdg.ca\/fr\/wp-json\/wp\/v2\/pages"}],"about":[{"href":"https:\/\/inspire-sdg.ca\/fr\/wp-json\/wp\/v2\/types\/page"}],"author":[{"embeddable":true,"href":"https:\/\/inspire-sdg.ca\/fr\/wp-json\/wp\/v2\/users\/1"}],"replies":[{"embeddable":true,"href":"https:\/\/inspire-sdg.ca\/fr\/wp-json\/wp\/v2\/comments?post=1722"}],"version-history":[{"count":1,"href":"https:\/\/inspire-sdg.ca\/fr\/wp-json\/wp\/v2\/pages\/1722\/revisions"}],"predecessor-version":[{"id":1723,"href":"https:\/\/inspire-sdg.ca\/fr\/wp-json\/wp\/v2\/pages\/1722\/revisions\/1723"}],"up":[{"embeddable":true,"href":"https:\/\/inspire-sdg.ca\/fr\/wp-json\/wp\/v2\/pages\/1689"}],"wp:attachment":[{"href":"https:\/\/inspire-sdg.ca\/fr\/wp-json\/wp\/v2\/media?parent=1722"}],"curies":[{"name":"wp","href":"https:\/\/api.w.org\/{rel}","templated":true}]}}