{"id":1720,"date":"2022-01-10T14:50:20","date_gmt":"2022-01-10T19:50:20","guid":{"rendered":"https:\/\/inspire-sdg.ca\/services\/services-cliniques-et-de-soutien\/techniques-dadaptation-creatives-pour-les-enfants\/"},"modified":"2022-03-14T11:22:08","modified_gmt":"2022-03-14T15:22:08","slug":"techniques-dadaptation-creatives-pour-les-enfants","status":"publish","type":"page","link":"https:\/\/inspire-sdg.ca\/fr\/services\/services-cliniques-et-de-soutien\/techniques-dadaptation-creatives-pour-les-enfants\/","title":{"rendered":"Techniques d\u2019adaptation cr\u00e9atives pour les enfants"},"content":{"rendered":"\n<p>Le programme Techniques d\u2019adaptation cr\u00e9atives pour les enfants est un programme psycho\u00e9ducatif de 6 \u00e0 8 semaines destin\u00e9 aux enfants et aux adolescents qui ont \u00e9t\u00e9 t\u00e9moins de violence conjugale. Il a \u00e9t\u00e9 d\u00e9velopp\u00e9 pour combler un besoin reconnu d\u2019aider les enfants\/adolescents et leurs m\u00e8res, leurs grands-m\u00e8res, leurs belles-m\u00e8res ou autres tutrices.<\/p>\n\n<h3 class=\"wp-block-heading\" id=\"eligibility\">Admissibilit\u00e9 : <\/h3>\n\n<p>Enfants\/adolescents de 5 \u00e0 15 ans qui ont \u00e9t\u00e9 t\u00e9moins de violence conjugale, et qui sont accompagn\u00e9s de leur m\u00e8re, leur grand-m\u00e8re, leur belle-m\u00e8re ou une autre tutrice.<\/p>\n\n<h3 class=\"wp-block-heading\" id=\"referral-process\">Comment faire demande <\/h3>\n\n<p>Nous acceptons les demandes faites par t\u00e9l\u00e9phone. Veuillez communiquer avec nous au <a href=\"tel:6139324610x129\">613-932-4610<\/a>, poste 121.<\/p>\n\n<h3 class=\"wp-block-heading\" id=\"cost-free\">Co\u00fbt : Gratuit<\/h3>\n\n<p><em>*Ce programme est offert deux fois par ann\u00e9e.<\/em><\/p>\n","protected":false},"excerpt":{"rendered":"<p>Le programme Techniques d\u2019adaptation cr\u00e9atives pour les enfants est un programme psycho\u00e9ducatif de 6 \u00e0 8 semaines destin\u00e9 aux enfants et aux adolescents qui ont \u00e9t\u00e9 t\u00e9moins de violence conjugale. Il a \u00e9t\u00e9 d\u00e9velopp\u00e9 pour combler un besoin reconnu d\u2019aider les enfants\/adolescents et leurs m\u00e8res, leurs grands-m\u00e8res, leurs belles-m\u00e8res ou autres tutrices. Admissibilit\u00e9 : Enfants\/adolescents [&hellip;]<\/p>\n","protected":false},"author":1,"featured_media":0,"parent":1689,"menu_order":0,"comment_status":"closed","ping_status":"closed","template":"","meta":{"_acf_changed":false,"_et_pb_use_builder":"","_et_pb_old_content":"","_et_gb_content_width":"","footnotes":""},"class_list":["post-1720","page","type-page","status-publish","hentry"],"acf":[],"_links":{"self":[{"href":"https:\/\/inspire-sdg.ca\/fr\/wp-json\/wp\/v2\/pages\/1720","targetHints":{"allow":["GET"]}}],"collection":[{"href":"https:\/\/inspire-sdg.ca\/fr\/wp-json\/wp\/v2\/pages"}],"about":[{"href":"https:\/\/inspire-sdg.ca\/fr\/wp-json\/wp\/v2\/types\/page"}],"author":[{"embeddable":true,"href":"https:\/\/inspire-sdg.ca\/fr\/wp-json\/wp\/v2\/users\/1"}],"replies":[{"embeddable":true,"href":"https:\/\/inspire-sdg.ca\/fr\/wp-json\/wp\/v2\/comments?post=1720"}],"version-history":[{"count":3,"href":"https:\/\/inspire-sdg.ca\/fr\/wp-json\/wp\/v2\/pages\/1720\/revisions"}],"predecessor-version":[{"id":2915,"href":"https:\/\/inspire-sdg.ca\/fr\/wp-json\/wp\/v2\/pages\/1720\/revisions\/2915"}],"up":[{"embeddable":true,"href":"https:\/\/inspire-sdg.ca\/fr\/wp-json\/wp\/v2\/pages\/1689"}],"wp:attachment":[{"href":"https:\/\/inspire-sdg.ca\/fr\/wp-json\/wp\/v2\/media?parent=1720"}],"curies":[{"name":"wp","href":"https:\/\/api.w.org\/{rel}","templated":true}]}}