{"id":1718,"date":"2022-01-10T14:47:31","date_gmt":"2022-01-10T19:47:31","guid":{"rendered":"https:\/\/inspire-sdg.ca\/services\/services-cliniques-et-de-soutien\/programme-de-lutte-contre-la-violence-faite-aux-femmes\/"},"modified":"2022-04-11T14:23:25","modified_gmt":"2022-04-11T18:23:25","slug":"programme-de-lutte-contre-la-violence-faite-aux-femmes","status":"publish","type":"page","link":"https:\/\/inspire-sdg.ca\/fr\/services\/services-cliniques-et-de-soutien\/programme-de-lutte-contre-la-violence-faite-aux-femmes\/","title":{"rendered":"Programme de lutte contre la violence faite aux femmes"},"content":{"rendered":"\n<p>Le programme s\u2019adresse aux personnes qui s\u2019identifient comme des femmes et qui ont \u00e9t\u00e9 victimes de violence de la part de leur partenaire, y compris d\u2019un comportement blessant, irrespectueux, contr\u00f4lant ou \u00e9motionnellement, sexuellement et\/ou physiquement abusif. Le programme est offert aussi bien aux personnes qui ont quitt\u00e9 leur partenaire violent qu\u2019\u00e0 celles qui sont encore dans cette relation. Le programme est offert aussi bien aux personnes qui ont quitt\u00e9 leur partenaire violent qu\u2019\u00e0 celles qui sont encore dans cette relation.<\/p>\n\n\n\n<h3 class=\"wp-block-heading\" id=\"services-available\">Services offerts :<\/h3>\n\n\n\n<ul class=\"wp-block-list\"><li>Services de counseling et\/ou de psychoth\u00e9rapie de soutien sp\u00e9cialis\u00e9s dans la violence en milieu familial ;<\/li><li>La pr\u00e9sentation d\u2019informations sur les ressources disponibles dans la communaut\u00e9 et l\u2019orientation vers d\u2019autres ressources&nbsp;;<\/li><li>D\u00e9fense des int\u00e9r\u00eats, soutien, planification de la s\u00e9curit\u00e9 et strat\u00e9gies de pr\u00e9vention de la violence&nbsp;;<\/li><li>Aide aux m\u00e8res pour soutenir leurs enfants qui ont \u00e9t\u00e9 t\u00e9moins de violence.<\/li><\/ul>\n\n\n\n<h3 class=\"wp-block-heading\" id=\"eligibility\">Admissibilit\u00e9 :<\/h3>\n\n\n\n<p>Personnes de 16 ans et plus qui s\u2019identifient comme des femmes.<\/p>\n\n\n\n<h3 class=\"wp-block-heading\" id=\"referral-process\">Comment faire demande <\/h3>\n\n\n\n<p>Nous acceptons les demandes faites par t\u00e9l\u00e9phone. Veuillez communiquer avec nous au <a href=\"tel:6139324610x121\">613-932-4610<\/a>, poste 121.<\/p>\n\n\n\n<p>Pour les services en fran\u00e7ais du programme d\u2019aide aux victimes et aux temoins, veuillez&nbsp;communiquer avec l&rsquo;\u00c9quipe psycho-sociale au <a href=\"tel:6139387112\" data-type=\"tel\" data-id=\"tel:6139387112\">613-938-7112<\/a>.<\/p>\n\n\n\n<h3 class=\"wp-block-heading\" id=\"cost-free\">Co\u00fbt : Gratuit<\/h3>\n","protected":false},"excerpt":{"rendered":"<p>Le programme s\u2019adresse aux personnes qui s\u2019identifient comme des femmes et qui ont \u00e9t\u00e9 victimes de violence de la part de leur partenaire, y compris d\u2019un comportement blessant, irrespectueux, contr\u00f4lant ou \u00e9motionnellement, sexuellement et\/ou physiquement abusif. Le programme est offert aussi bien aux personnes qui ont quitt\u00e9 leur partenaire violent qu\u2019\u00e0 celles qui sont encore [&hellip;]<\/p>\n","protected":false},"author":1,"featured_media":0,"parent":1689,"menu_order":0,"comment_status":"closed","ping_status":"closed","template":"","meta":{"_acf_changed":false,"_et_pb_use_builder":"","_et_pb_old_content":"","_et_gb_content_width":"","footnotes":""},"class_list":["post-1718","page","type-page","status-publish","hentry"],"acf":[],"_links":{"self":[{"href":"https:\/\/inspire-sdg.ca\/fr\/wp-json\/wp\/v2\/pages\/1718","targetHints":{"allow":["GET"]}}],"collection":[{"href":"https:\/\/inspire-sdg.ca\/fr\/wp-json\/wp\/v2\/pages"}],"about":[{"href":"https:\/\/inspire-sdg.ca\/fr\/wp-json\/wp\/v2\/types\/page"}],"author":[{"embeddable":true,"href":"https:\/\/inspire-sdg.ca\/fr\/wp-json\/wp\/v2\/users\/1"}],"replies":[{"embeddable":true,"href":"https:\/\/inspire-sdg.ca\/fr\/wp-json\/wp\/v2\/comments?post=1718"}],"version-history":[{"count":15,"href":"https:\/\/inspire-sdg.ca\/fr\/wp-json\/wp\/v2\/pages\/1718\/revisions"}],"predecessor-version":[{"id":3180,"href":"https:\/\/inspire-sdg.ca\/fr\/wp-json\/wp\/v2\/pages\/1718\/revisions\/3180"}],"up":[{"embeddable":true,"href":"https:\/\/inspire-sdg.ca\/fr\/wp-json\/wp\/v2\/pages\/1689"}],"wp:attachment":[{"href":"https:\/\/inspire-sdg.ca\/fr\/wp-json\/wp\/v2\/media?parent=1718"}],"curies":[{"name":"wp","href":"https:\/\/api.w.org\/{rel}","templated":true}]}}