{"id":1716,"date":"2022-01-10T14:45:14","date_gmt":"2022-01-10T19:45:14","guid":{"rendered":"https:\/\/inspire-sdg.ca\/services\/services-cliniques-et-de-soutien\/clinique-de-counseling-sans-rendez-vous\/"},"modified":"2023-10-02T15:17:44","modified_gmt":"2023-10-02T19:17:44","slug":"clinique-de-counseling-sans-rendez-vous","status":"publish","type":"page","link":"https:\/\/inspire-sdg.ca\/fr\/services\/services-cliniques-et-de-soutien\/clinique-de-counseling-sans-rendez-vous\/","title":{"rendered":"Clinique de counselling sans rendez-vous"},"content":{"rendered":"\n<p>La clinique de counselling sans rendez-vous offre des services de counselling confidentiels, pour une seule s\u00e9ance, selon le principe du premier arriv\u00e9, premier servi. Lorsque les clients arrivent, nous nous effor\u00e7ons de les rencontrer le plus rapidement possible. N\u2019h\u00e9sitez pas \u00e0 appeler \u00e0 l\u2019avance pour r\u00e9server un temps de consultation \u00e0 la clinique de counseling\u00a0sans rendez-vous afin de vous assurer d&rsquo;\u00eatre vu(e) le jour o\u00f9 vous vous pr\u00e9sentez. Les s\u00e9ances de counselling durent environ une heure. L\u2019objectif de la s\u00e9ance est d\u00e9termin\u00e9 par les besoins uniques de chaque client. Qu\u2019il s\u2019agisse de faire face \u00e0 une situation stressante, de s\u2019informer sur des services ou de rechercher une oreille compr\u00e9hensive et non critique, nos th\u00e9rapeutes sont form\u00e9s pour aider les clients \u00e0 aborder ce qui est le plus important pour eux. Nos th\u00e9rapeutes exp\u00e9riment\u00e9s aident les clients \u00e0 identifier les probl\u00e8mes, \u00e0 reconna\u00eetre et \u00e0 tirer parti de leurs propres forces et capacit\u00e9s et, au besoin, \u00e0 \u00e9laborer des strat\u00e9gies pour r\u00e9pondre \u00e0 leurs pr\u00e9occupations. <\/p>\n\n\n\n<p>En mettant l\u2019accent sur les points forts d\u2019un individu, nous offrons des services de counselling professionnel pour aider \u00e0 r\u00e9soudre une grande vari\u00e9t\u00e9 de probl\u00e8mes qui peuvent inclure, mais ne sont pas limit\u00e9s \u00e0 :<\/p>\n\n\n\n<div class=\"wp-block-columns is-layout-flex wp-container-core-columns-is-layout-9d6595d7 wp-block-columns-is-layout-flex\">\n<div class=\"wp-block-column is-layout-flow wp-block-column-is-layout-flow\">\n<ul class=\"wp-block-list\">\n<li>la d\u00e9pression<\/li>\n\n\n\n<li>l\u2019anxi\u00e9t\u00e9<\/li>\n\n\n\n<li>les probl\u00e8mes relationnels<\/li>\n\n\n\n<li>les probl\u00e8mes de sant\u00e9 mentale<\/li>\n\n\n\n<li>la violence en milieu familial, la violence entre partenaires intimes ou les abus sexuels<\/li>\n\n\n\n<li>l\u2019adaptation \u00e0 la vie au Canada<\/li>\n\n\n\n<li>la consommation d\u2019alcool et de drogues<\/li>\n\n\n\n<li>la gestion de la col\u00e8re<\/li>\n<\/ul>\n<\/div>\n\n\n\n<div class=\"wp-block-column is-layout-flow wp-block-column-is-layout-flow\">\n<ul class=\"wp-block-list\">\n<li>les conflits familiaux\/les transitions<\/li>\n\n\n\n<li>les autres d\u00e9fis\/pr\u00e9occupations de la vie<\/li>\n\n\n\n<li>la sexualit\u00e9 et l\u2019intimit\u00e9 des parents<\/li>\n\n\n\n<li>l\u2019identit\u00e9 sexuelle et le genre<\/li>\n\n\n\n<li>l\u2019estime de soi\/l\u2019image de soi<\/li>\n\n\n\n<li>le stress personnel ou professionnel<\/li>\n\n\n\n<li>le traumatisme<\/li>\n\n\n\n<li>la s\u00e9paration et la perte<\/li>\n<\/ul>\n<\/div>\n<\/div>\n\n\n\n<h3 class=\"wp-block-heading\" id=\"eligibility\">Admissibilit\u00e9 : <\/h3>\n\n\n\n<p>La clinique de counselling sans rendez-vous offre des services de counselling imm\u00e9diats aux individus, aux couples et aux familles. N\u2019h\u00e9sitez pas \u00e0 appeler \u00e0 l\u2019avance pour r\u00e9server un temps de consultation. Il se peut que les personnes\u00a0qui se pr\u00e9sentent sans rendez-vous ne soient pas vues le jour m\u00eame, mais elles seront prises en charge\u00a0dans les temps disponibles.<\/p>\n\n\n\n<h3 class=\"wp-block-heading\" id=\"referral-process\">Comment faire demande<\/h3>\n\n\n\n<p>Aucune demande de consultation n\u2019est n\u00e9cessaire pour la clinique de counselling sans rendez-vous. Vous recevrez de l\u2019aide selon le principe du premier arriv\u00e9, premier servi, pendant les heures d\u2019ouverture de la clinique de counselling sans rendez-vous, c\u2019est-\u00e0-dire tous les jeudis de 13 h \u00e0 20 h (la derni\u00e8re s\u00e9ance commence \u00e0 18 h 30).<\/p>\n\n\n\n<p>Si vous avez des questions, veuillez composer le <a href=\"tel:6139324610\">613-932-4610<\/a>, poste 127 ou poste 121.<\/p>\n\n\n\n<p class=\"has-text-color\" style=\"color:#f68d2c\">IL EST POSSIBLE QUE LES SERVICES SOIENT MODIFI\u00c9S EN RAISON DE LA COVID-19. VEUILLEZ APPELER NOTRE BUREAU POUR VOUS RENSEIGNER.<\/p>\n\n\n\n<h3 class=\"wp-block-heading\" id=\"cost-free\">Co\u00fbt : Gratuit<\/h3>\n","protected":false},"excerpt":{"rendered":"<p>La clinique de counselling sans rendez-vous offre des services de counselling confidentiels, pour une seule s\u00e9ance, selon le principe du premier arriv\u00e9, premier servi. Lorsque les clients arrivent, nous nous effor\u00e7ons de les rencontrer le plus rapidement possible. N\u2019h\u00e9sitez pas \u00e0 appeler \u00e0 l\u2019avance pour r\u00e9server un temps de consultation \u00e0 la clinique de counseling\u00a0sans [&hellip;]<\/p>\n","protected":false},"author":1,"featured_media":0,"parent":1689,"menu_order":0,"comment_status":"closed","ping_status":"closed","template":"","meta":{"_acf_changed":false,"_et_pb_use_builder":"","_et_pb_old_content":"","_et_gb_content_width":"","footnotes":""},"class_list":["post-1716","page","type-page","status-publish","hentry"],"acf":[],"_links":{"self":[{"href":"https:\/\/inspire-sdg.ca\/fr\/wp-json\/wp\/v2\/pages\/1716","targetHints":{"allow":["GET"]}}],"collection":[{"href":"https:\/\/inspire-sdg.ca\/fr\/wp-json\/wp\/v2\/pages"}],"about":[{"href":"https:\/\/inspire-sdg.ca\/fr\/wp-json\/wp\/v2\/types\/page"}],"author":[{"embeddable":true,"href":"https:\/\/inspire-sdg.ca\/fr\/wp-json\/wp\/v2\/users\/1"}],"replies":[{"embeddable":true,"href":"https:\/\/inspire-sdg.ca\/fr\/wp-json\/wp\/v2\/comments?post=1716"}],"version-history":[{"count":5,"href":"https:\/\/inspire-sdg.ca\/fr\/wp-json\/wp\/v2\/pages\/1716\/revisions"}],"predecessor-version":[{"id":3734,"href":"https:\/\/inspire-sdg.ca\/fr\/wp-json\/wp\/v2\/pages\/1716\/revisions\/3734"}],"up":[{"embeddable":true,"href":"https:\/\/inspire-sdg.ca\/fr\/wp-json\/wp\/v2\/pages\/1689"}],"wp:attachment":[{"href":"https:\/\/inspire-sdg.ca\/fr\/wp-json\/wp\/v2\/media?parent=1716"}],"curies":[{"name":"wp","href":"https:\/\/api.w.org\/{rel}","templated":true}]}}