{"id":1706,"date":"2022-01-10T12:17:08","date_gmt":"2022-01-10T17:17:08","guid":{"rendered":"https:\/\/inspire-sdg.ca\/services\/services-residentiels-de-releve-et-de-soutien-communautaire\/financement-des-services-de-releve-hors-domicile-pour-les-enfants-dont-la-sante-est-fragile-ou-qui-dependent-de-moyens-technologiques\/"},"modified":"2022-03-09T10:40:53","modified_gmt":"2022-03-09T15:40:53","slug":"financement-des-services-de-releve-hors-domicile-pour-les-enfants-dont-la-sante-est-fragile-ou-qui-dependent-de-moyens-technologiques","status":"publish","type":"page","link":"https:\/\/inspire-sdg.ca\/fr\/services\/services-residentiels-de-releve-et-de-soutien\/financement-des-services-de-releve-hors-domicile-pour-les-enfants-dont-la-sante-est-fragile-ou-qui-dependent-de-moyens-technologiques\/","title":{"rendered":"Financement des services de rel\u00e8ve hors domicile pour les enfants dont la sant\u00e9 est fragile ou qui d\u00e9pendent de moyens technologiques"},"content":{"rendered":"\n<p>Un financement peut \u00eatre accord\u00e9 aux fournisseurs de soins pour des services de rel\u00e8ve et de divertissement hors du domicile pour les enfants de 0 \u00e0 18 ans dont la sant\u00e9 est fragile et qui sont d\u00e9pendants de moyens technologiques, afin de leur permettre de retenir les services d\u2019un particulier. <\/p>\n\n<p>Les enfants dont la sant\u00e9 est fragile et qui d\u00e9pendent de moyens technologiques sont \u00e9galement admissibles \u00e0 recevoir des services de rel\u00e8ve dans une maison de r\u00e9pit.<\/p>\n\n<h3 class=\"wp-block-heading\">Admissibilit\u00e9 :<\/h3>\n\n<p>Les enfants doivent r\u00e9pondre aux crit\u00e8res suivants pour \u00eatre admissibles :<\/p>\n\n<ul class=\"wp-block-list\"><li>enfants de 0 \u00e0 18 ans dont la sant\u00e9 est fragile et qui d\u00e9pendent de moyens technologiques.<\/li><\/ul>\n\n<h3 class=\"wp-block-heading\">Comment faire demande : <\/h3>\n\n<p>Si votre enfant r\u00e9pond aux crit\u00e8res pr\u00e9cit\u00e9s, veuillez remplir l\u2019un des deux formulaires de demande suivants :<\/p>\n\n<div class=\"wp-block-buttons is-layout-flex wp-block-buttons-is-layout-flex\">\n<div class=\"wp-block-button\"><a class=\"wp-block-button__link\" href=\"https:\/\/inspire-sdg.ca\/wp-content\/uploads\/2022\/01\/DEMANDE-DE-SERVICES-POUR-LES-ENFANTS-DAGE-SCOLAIRE-ET-MOINS-JUIL-2021.docx\">Demande de services &#8211; Enfants d&rsquo;\u00e2ge scolaire et moins<\/a><\/div>\n<\/div>\n\n<div class=\"wp-block-buttons is-layout-flex wp-block-buttons-is-layout-flex\">\n<div class=\"wp-block-button\"><a class=\"wp-block-button__link\" href=\"https:\/\/inspire-sdg.ca\/wp-content\/uploads\/2022\/01\/DEMANDE-DE-SERVICES-POUR-LES-ENFANTS-DAGE-SCOLAIRE-JUIL-2021.docx\">Demande de services &#8211; Enfants d&rsquo;\u00e2ge scolaire<\/a><\/div>\n<\/div>\n\n<p><\/p>\n\n<p>Veuillez envoyer votre demande par courriel \u00e0 <a href=\"mailto:intake@inspire-sdg.ca\">intake@inspire-sdg.ca<\/a> ou par t\u00e9l\u00e9copieur au 613-937-4550.<\/p>\n\n<p>La demande peut \u00e9galement \u00eatre faite par un gestionnaire de cas.<br\/><\/p>\n\n<p>Si vous avez des questions concernant la d\u00e9marche \u00e0 suivre, veuillez composer le 613-937-3072, poste 233, ou envoyer un courriel \u00e0 <a href=\"mailto:intake@inspire-sdg.ca\">intake@inspire-sdg.ca<\/a>.<\/p>\n\n<h3 class=\"wp-block-heading\">Co\u00fbt : Gratuit<\/h3>\n","protected":false},"excerpt":{"rendered":"<p>Un financement peut \u00eatre accord\u00e9 aux fournisseurs de soins pour des services de rel\u00e8ve et de divertissement hors du domicile pour les enfants de 0 \u00e0 18 ans dont la sant\u00e9 est fragile et qui sont d\u00e9pendants de moyens technologiques, afin de leur permettre de retenir les services d\u2019un particulier. Les enfants dont la sant\u00e9 [&hellip;]<\/p>\n","protected":false},"author":1,"featured_media":0,"parent":1697,"menu_order":0,"comment_status":"closed","ping_status":"closed","template":"","meta":{"_acf_changed":false,"_et_pb_use_builder":"","_et_pb_old_content":"","_et_gb_content_width":"","footnotes":""},"class_list":["post-1706","page","type-page","status-publish","hentry"],"acf":[],"_links":{"self":[{"href":"https:\/\/inspire-sdg.ca\/fr\/wp-json\/wp\/v2\/pages\/1706","targetHints":{"allow":["GET"]}}],"collection":[{"href":"https:\/\/inspire-sdg.ca\/fr\/wp-json\/wp\/v2\/pages"}],"about":[{"href":"https:\/\/inspire-sdg.ca\/fr\/wp-json\/wp\/v2\/types\/page"}],"author":[{"embeddable":true,"href":"https:\/\/inspire-sdg.ca\/fr\/wp-json\/wp\/v2\/users\/1"}],"replies":[{"embeddable":true,"href":"https:\/\/inspire-sdg.ca\/fr\/wp-json\/wp\/v2\/comments?post=1706"}],"version-history":[{"count":11,"href":"https:\/\/inspire-sdg.ca\/fr\/wp-json\/wp\/v2\/pages\/1706\/revisions"}],"predecessor-version":[{"id":2846,"href":"https:\/\/inspire-sdg.ca\/fr\/wp-json\/wp\/v2\/pages\/1706\/revisions\/2846"}],"up":[{"embeddable":true,"href":"https:\/\/inspire-sdg.ca\/fr\/wp-json\/wp\/v2\/pages\/1697"}],"wp:attachment":[{"href":"https:\/\/inspire-sdg.ca\/fr\/wp-json\/wp\/v2\/media?parent=1706"}],"curies":[{"name":"wp","href":"https:\/\/api.w.org\/{rel}","templated":true}]}}