{"id":1705,"date":"2022-01-10T12:11:27","date_gmt":"2022-01-10T17:11:27","guid":{"rendered":"https:\/\/inspire-sdg.ca\/services\/services-residentiels-de-releve-et-de-soutien-communautaire\/trouble-du-spectre-de-lautisme\/"},"modified":"2022-01-10T15:18:33","modified_gmt":"2022-01-10T20:18:33","slug":"trouble-du-spectre-de-lautisme","status":"publish","type":"page","link":"https:\/\/inspire-sdg.ca\/fr\/services\/services-residentiels-de-releve-et-de-soutien\/trouble-du-spectre-de-lautisme\/","title":{"rendered":"Trouble du spectre de l&rsquo;autisme"},"content":{"rendered":"\n<p>Un financement peut \u00eatre accord\u00e9 pour des services de rel\u00e8ve flexibles et adapt\u00e9s au trouble du spectre de l\u2019autisme (TSA) ainsi que pour des activit\u00e9s communautaires afin d\u2019aider les familles dont les enfants\/jeunes sont atteints de TSA.<\/p>\n\n\n\n<p>Les services de rel\u00e8ve pour les TSA peuvent fournir&nbsp;:&nbsp;<\/p>\n\n\n\n<ul class=\"wp-block-list\"><li>Un r\u00e9pit temporaire pour les familles dans le but de r\u00e9duire le stress et les probl\u00e8mes familiaux\u2009;<\/li><li>Une occasion pour l\u2019enfant\/le jeune de participer \u00e0 des activit\u00e9s significatives et utiles qui favorisent le maintien des comp\u00e9tences et\/ou qui aident \u00e0 acqu\u00e9rir de nouvelles comp\u00e9tences et de nouvelles relations.<\/li><\/ul>\n\n\n\n<p>Le financement peut \u00eatre affect\u00e9 \u00e0 des services \u00e0 domicile ou hors domicile, qu\u2019ils soient planifi\u00e9s ou d\u2019urgence.<\/p>\n","protected":false},"excerpt":{"rendered":"<p>Un financement peut \u00eatre accord\u00e9 pour des services de rel\u00e8ve flexibles et adapt\u00e9s au trouble du spectre de l\u2019autisme (TSA) ainsi que pour des activit\u00e9s communautaires afin d\u2019aider les familles dont les enfants\/jeunes sont atteints de TSA. Les services de rel\u00e8ve pour les TSA peuvent fournir&nbsp;:&nbsp; Un r\u00e9pit temporaire pour les familles dans le but [&hellip;]<\/p>\n","protected":false},"author":1,"featured_media":0,"parent":1697,"menu_order":0,"comment_status":"closed","ping_status":"closed","template":"","meta":{"_acf_changed":false,"_et_pb_use_builder":"","_et_pb_old_content":"","_et_gb_content_width":"","footnotes":""},"class_list":["post-1705","page","type-page","status-publish","hentry"],"acf":[],"_links":{"self":[{"href":"https:\/\/inspire-sdg.ca\/fr\/wp-json\/wp\/v2\/pages\/1705","targetHints":{"allow":["GET"]}}],"collection":[{"href":"https:\/\/inspire-sdg.ca\/fr\/wp-json\/wp\/v2\/pages"}],"about":[{"href":"https:\/\/inspire-sdg.ca\/fr\/wp-json\/wp\/v2\/types\/page"}],"author":[{"embeddable":true,"href":"https:\/\/inspire-sdg.ca\/fr\/wp-json\/wp\/v2\/users\/1"}],"replies":[{"embeddable":true,"href":"https:\/\/inspire-sdg.ca\/fr\/wp-json\/wp\/v2\/comments?post=1705"}],"version-history":[{"count":1,"href":"https:\/\/inspire-sdg.ca\/fr\/wp-json\/wp\/v2\/pages\/1705\/revisions"}],"predecessor-version":[{"id":1736,"href":"https:\/\/inspire-sdg.ca\/fr\/wp-json\/wp\/v2\/pages\/1705\/revisions\/1736"}],"up":[{"embeddable":true,"href":"https:\/\/inspire-sdg.ca\/fr\/wp-json\/wp\/v2\/pages\/1697"}],"wp:attachment":[{"href":"https:\/\/inspire-sdg.ca\/fr\/wp-json\/wp\/v2\/media?parent=1705"}],"curies":[{"name":"wp","href":"https:\/\/api.w.org\/{rel}","templated":true}]}}