{"id":1703,"date":"2022-01-10T12:03:28","date_gmt":"2022-01-10T17:03:28","guid":{"rendered":"https:\/\/inspire-sdg.ca\/services\/services-residentiels-de-releve-et-de-soutien-communautaire\/programme-de-placement-en-famille-hote\/"},"modified":"2022-03-07T14:23:28","modified_gmt":"2022-03-07T19:23:28","slug":"programme-de-placement-en-famille-hote","status":"publish","type":"page","link":"https:\/\/inspire-sdg.ca\/fr\/services\/services-residentiels-de-releve-et-de-soutien\/programme-de-placement-en-famille-hote\/","title":{"rendered":"Programme de placement en famille h\u00f4te"},"content":{"rendered":"\n<p>Le Programme de placement en famille h\u00f4te donne aux adultes ayant une d\u00e9ficience intellectuelle la possibilit\u00e9 de vivre avec une famille pour y partager une vie commune. C\u2019est une occasion d\u2019accueillir quelqu\u2019un dans son foyer et de lui apporter un soutien. Les familles viennent de tous les horizons. Il n\u2019y a pas deux familles identiques et la diversit\u00e9 est valoris\u00e9e. Les \u00e9l\u00e9ments fondamentaux du Programme de placement en famille h\u00f4te sont d\u2019offrir un environnement familial stable et chaleureux qui favorise l\u2019acceptation, la dignit\u00e9 et le sentiment d\u2019appartenance. Les familles h\u00f4tes du programme auront une incidence directe sur la vie d\u2019une autre personne, mais il ne s\u2019agit jamais d\u2019une relation \u00e0 sens unique. Les avantages mutuels transforment la vie de chacun.<\/p>\n\n<h3 class=\"wp-block-heading\" id=\"eligibility\">Admissibilit\u00e9 :<\/h3>\n\n<p>Les adultes ayant une d\u00e9ficience intellectuelle doivent faire une demande par l\u2019entremise des Services de l\u2019Ontario pour les personnes ayant une d\u00e9ficience intellectuelle (SOPDI).<\/p>\n\n<p>La demande peut \u00eatre faite par un gestionnaire de cas, par un parent\/un fournisseur de soins ou par la personne elle-m\u00eame.<\/p>\n\n<div class=\"wp-block-buttons is-layout-flex wp-block-buttons-is-layout-flex\">\n<div class=\"wp-block-button\"><a class=\"wp-block-button__link\" href=\"https:\/\/scsonline.ca\/fr\/intake\/application-dsoer-fr\" target=\"_blank\" rel=\"noreferrer noopener\">Application SOPDI<\/a><\/div>\n<\/div>\n\n<p><\/p>\n\n<h3 class=\"wp-block-heading\" id=\"referral-process\">D\u00e9marche \u00e0 suivre :<\/h3>\n\n<p>Une fois que la SOPDI nous aura achemin\u00e9 votre demande, le coordonnateur ou la coordonnatrice du Programme de placement en famille h\u00f4te communiquera avec vous pour discuter de votre dossier.<\/p>\n\n<p><\/p>\n\n<h3 class=\"wp-block-heading\" id=\"cost-free\">Co\u00fbt : Gratuit<\/h3>\n\n<p><\/p>\n\n<h2 class=\"wp-block-heading\" id=\"interested-in-becoming-a-family-home-provider\">Vous aimeriez devenir une famille h\u00f4te du Programme de placement ?<\/h2>\n\n<p>Lorsque vous devenez une famille h\u00f4te dans le cadre du Programme de placement en famille h\u00f4te, vous vous lancez dans une exp\u00e9rience enrichissante de vie commune, en mettant vos talents, vos champs d\u2019int\u00e9r\u00eat et vos comp\u00e9tences au service d\u2019une personne qui b\u00e9n\u00e9ficiera de la vie dans votre foyer.<\/p>\n\n<p>Les familles h\u00f4tes offrent un milieu de vie sain, s\u00e9curitaire et respectueux \u00e0 des personnes ayant une d\u00e9ficience intellectuelle. Les familles h\u00f4tes peuvent participer \u00e0 titre permanent \u00e0 temps plein, ainsi qu\u2019\u00e0 titre occasionnel \u00e0 temps partiel. Le Programme de placement en famille h\u00f4te est ancr\u00e9 dans une philosophie qui consiste \u00e0 soutenir les personnes de mani\u00e8re respectueuse et \u00e0 les faire participer pleinement \u00e0 leur vie et \u00e0 leur foyer. <\/p>\n\n<h3 class=\"wp-block-heading\" id=\"responsibilities\">Responsabilit\u00e9s :<\/h3>\n\n<ul class=\"wp-block-list\"><li>Apporter un soutien \u00e0 une personne ayant une d\u00e9ficience intellectuelle qui vit dans votre foyer ;<\/li><li>Aider la personne dans tous les aspects de la vie quotidienne ;<\/li><li>Offrir \u00e0 la personne un milieu de vie sain, s\u00e9curitaire et respectueux, dans le cadre d\u2019un jumelage mutuellement b\u00e9n\u00e9fique ;<\/li><li>Participer \u00e0 l\u2019\u00e9laboration de plans de soutien personnalis\u00e9s ;<\/li><li>Travailler en \u00e9troite collaboration avec Inspire pour assurer la conformit\u00e9 aux lignes directrices et aux attentes du minist\u00e8re ;<\/li><li>Guider et soutenir la personne au sein de la communaut\u00e9, au travail et dans ses activit\u00e9s sociales\u00a0;<\/li><li>Aider la personne \u00e0 \u00e9tablir et \u00e0 maintenir des relations avec la famille et les pairs.<\/li><\/ul>\n\n<h3 class=\"wp-block-heading\" id=\"qualifications\">Crit\u00e8res de s\u00e9lection :<\/h3>\n\n<ul class=\"wp-block-list\"><li>De l\u2019exp\u00e9rience en mati\u00e8re de soutien \u00e0 un adulte ayant une d\u00e9ficience intellectuelle ;<\/li><li>Un dipl\u00f4me d\u2019\u00e9tudes postsecondaires est un atout ;<\/li><li>De solides comp\u00e9tences en communication ;<\/li><li>Une capacit\u00e9 et une volont\u00e9 de s\u2019engager \u00e0 long terme en tant que famille h\u00f4te ;<\/li><li>Les familles h\u00f4tes s\u00e9lectionn\u00e9es doivent avoir une situation financi\u00e8re stable et maintenir une maison saine et s\u00e9curitaire ;<\/li><li>Toutes les personnes vivant dans le foyer doivent \u00eatre non-fumeuses ;<\/li><li>La famille h\u00f4te doit avoir acc\u00e8s \u00e0 un moyen de transport fiable\u2009;<\/li><li>Il est obligatoire d\u2019avoir suivi avec succ\u00e8s le programme de pr\u00e9s\u00e9lection d\u2019Inspire, et de fournir une v\u00e9rification du casier judiciaire pour tous les adultes de votre foyer.<\/li><\/ul>\n\n<p>Nous invitons les individus, les couples et les familles \u00e0 pr\u00e9senter leur candidature. Les familles h\u00f4tes recevront une compensation financi\u00e8re pour leurs services. Nous remercions toutes les personnes int\u00e9ress\u00e9es, mais nous ne communiquerons qu\u2019avec celles qui seront choisies pour un entretien.<\/p>\n\n<h3 class=\"wp-block-heading\" id=\"application\">Faire demande :<\/h3>\n\n<div class=\"wp-block-buttons is-layout-flex wp-block-buttons-is-layout-flex\">\n<div class=\"wp-block-button\"><a class=\"wp-block-button__link\" href=\"https:\/\/inspire-sdg.ca\/wp-content\/uploads\/2022\/03\/INSPIRE-PPFH-Formulaire-de-demande.docx\" target=\"_blank\" rel=\"noreferrer noopener\">Trousse de demande pour devenir une famille h\u00f4te, cliquez ici<\/a><\/div>\n<\/div>\n\n<p><\/p>\n\n<p>Veuillez envoyer la trousse de demande par courriel \u00e0 <a href=\"mailto:intake@inspire-sdg.ca\">intake@inspire-sdg.ca<\/a> ou par t\u00e9l\u00e9copieur au 613-937-4550.<\/p>\n","protected":false},"excerpt":{"rendered":"<p>Le Programme de placement en famille h\u00f4te donne aux adultes ayant une d\u00e9ficience intellectuelle la possibilit\u00e9 de vivre avec une famille pour y partager une vie commune. C\u2019est une occasion d\u2019accueillir quelqu\u2019un dans son foyer et de lui apporter un soutien. Les familles viennent de tous les horizons. Il n\u2019y a pas deux familles identiques [&hellip;]<\/p>\n","protected":false},"author":1,"featured_media":0,"parent":1697,"menu_order":0,"comment_status":"closed","ping_status":"closed","template":"","meta":{"_acf_changed":false,"_et_pb_use_builder":"","_et_pb_old_content":"","_et_gb_content_width":"","footnotes":""},"class_list":["post-1703","page","type-page","status-publish","hentry"],"acf":[],"_links":{"self":[{"href":"https:\/\/inspire-sdg.ca\/fr\/wp-json\/wp\/v2\/pages\/1703","targetHints":{"allow":["GET"]}}],"collection":[{"href":"https:\/\/inspire-sdg.ca\/fr\/wp-json\/wp\/v2\/pages"}],"about":[{"href":"https:\/\/inspire-sdg.ca\/fr\/wp-json\/wp\/v2\/types\/page"}],"author":[{"embeddable":true,"href":"https:\/\/inspire-sdg.ca\/fr\/wp-json\/wp\/v2\/users\/1"}],"replies":[{"embeddable":true,"href":"https:\/\/inspire-sdg.ca\/fr\/wp-json\/wp\/v2\/comments?post=1703"}],"version-history":[{"count":37,"href":"https:\/\/inspire-sdg.ca\/fr\/wp-json\/wp\/v2\/pages\/1703\/revisions"}],"predecessor-version":[{"id":2696,"href":"https:\/\/inspire-sdg.ca\/fr\/wp-json\/wp\/v2\/pages\/1703\/revisions\/2696"}],"up":[{"embeddable":true,"href":"https:\/\/inspire-sdg.ca\/fr\/wp-json\/wp\/v2\/pages\/1697"}],"wp:attachment":[{"href":"https:\/\/inspire-sdg.ca\/fr\/wp-json\/wp\/v2\/media?parent=1703"}],"curies":[{"name":"wp","href":"https:\/\/api.w.org\/{rel}","templated":true}]}}