{"id":1701,"date":"2022-01-10T11:52:05","date_gmt":"2022-01-10T16:52:05","guid":{"rendered":"https:\/\/inspire-sdg.ca\/services\/services-pour-les-adultes-ayant-une-deficience-intellectuelle\/gestion-de-cas\/"},"modified":"2022-05-24T10:51:50","modified_gmt":"2022-05-24T14:51:50","slug":"gestion-de-cas","status":"publish","type":"page","link":"https:\/\/inspire-sdg.ca\/fr\/services\/services-pour-les-adultes-ayant-une-deficience-intellectuelle\/gestion-de-cas\/","title":{"rendered":"Gestion de cas"},"content":{"rendered":"\n<p>Les services de gestion de cas comprennent la coordination, la mise en relation avec le milieu communautaire, le soutien et la d\u00e9fense des int\u00e9r\u00eats. Nous visons \u00e0 offrir des services collaboratifs, inclusifs et personnalis\u00e9s aux adultes.<\/p>\n\n<p>Un gestionnaire de cas vous offrira de l\u2019aide dans les cas suivants :<\/p>\n\n<ul class=\"wp-block-list\"><li>L\u2019\u00e9laboration d\u2019un plan de soutien individualis\u00e9 qui refl\u00e8te les forces, les objectifs et les besoins de l\u2019individu ;<\/li><li>Acc\u00e8s \u00e0 un financement sp\u00e9cialis\u00e9, \u00e0 la coordination des ressources communautaires, \u00e0 des rencontres avec des prestataires de services ainsi qu\u2019\u00e0 des informations sur les ressources et les r\u00e9seaux de soutien suppl\u00e9mentaires et d\u2019autres services professionnels ou alternatifs ;<\/li><li>D\u00e9fense des int\u00e9r\u00eats dans le cadre de la collaboration avec les services de sant\u00e9, d\u2019\u00e9ducation, de logement et les services sociaux, juridiques et communautaires ;<\/li><li>Planification des transitions de la vie (par exemple, d\u00e9m\u00e9nagement, \u00e9cole, etc.) ;<\/li><li>Soutien en mati\u00e8re de r\u00e9solution de probl\u00e8mes, counselling en mati\u00e8re d\u2019aptitudes \u00e0 la vie quotidienne, \u00e9ducation g\u00e9n\u00e9rale et sensibilisation.<\/li><li>Services de soutien individualis\u00e9s ou intensifs et planification des services r\u00e9sidentiels pour les jeunes en fonction de leurs besoins particuliers ou de leurs besoins particuliers complexes lors de leur transition vers les services pour adultes ayant une d\u00e9ficience intellectuelle.<\/li><\/ul>\n\n<p>Votre engagement vis-\u00e0-vis de votre gestionnaire de cas est volontaire et repose sur votre participation active \u00e0 votre plan. Les services sont ax\u00e9s sur la personne et c\u2019est cette personne qui dirige, ce qui implique une participation active dans toutes les d\u00e9cisions.<\/p>\n\n<h3 class=\"wp-block-heading\" id=\"urgent-response\">Intervention d\u2019urgence<\/h3>\n\n<p>Les services d\u2019intervention d\u2019urgence r\u00e9alisent des interventions et apportent un soutien dans les situations d\u2019urgence afin de pr\u00e9venir toute aggravation des risques, d\u2019att\u00e9nuer les risques insoutenables et de r\u00e9pondre aux besoins urgents non satisfaits. Cette intervention consiste \u00e0 offrir une assistance temporaire, \u00e0 court terme, ou un soutien transitoire jusqu\u2019\u00e0 ce qu\u2019un plan de soutien \u00e0 plus long terme et\/ou une solution pour la personne puissent \u00eatre d\u00e9velopp\u00e9s.<\/p>\n\n<h3 class=\"wp-block-heading\" id=\"passport-fund-management\">Passeport &#8211; Gestion de fonds<\/h3>\n\n<p>Le programme Passeport aide les adultes ayant une d\u00e9ficience intellectuelle \u00e0 s\u2019impliquer dans leur communaut\u00e9 et \u00e0 vivre dans la plus grande autonomie possible en fournissant une aide financi\u00e8re pour les soutiens li\u00e9s \u00e0 la participation communautaire, les activit\u00e9s de la vie quotidienne et la planification g\u00e9r\u00e9e par la personne. Le programme octroie aussi une aide financi\u00e8re pour les services et soutiens de rel\u00e8ve pour les fournisseurs de soins \u00e0 un adulte ayant une d\u00e9ficience intellectuelle.<\/p>\n\n<p>Notre organisme est en mesure de g\u00e9rer les fonds re\u00e7us dans le cadre du programme Passeport pour les adultes ayant une d\u00e9ficience intellectuelle. <\/p>\n\n<p>Pour obtenir des renseignements sur le programme Passeport et le formulaire de demande, veuillez consulter le lien suivant : <\/p>\n\n<div class=\"wp-block-buttons is-layout-flex wp-block-buttons-is-layout-flex\">\n<div class=\"wp-block-button\"><a class=\"wp-block-button__link\" href=\"https:\/\/www.marchofdimes.ca\/fr-ca\/Programmes\/didv\/passeport\" target=\"_blank\" rel=\"noreferrer noopener\">La Marche des dix sous du Canada<\/a><\/div>\n<\/div>\n\n<p><\/p>\n\n<p>Pour des renseignements additionnels sur le programme Passeport, veuillez consulter le lien suivant :<\/p>\n\n<div class=\"wp-block-buttons is-layout-flex wp-block-buttons-is-layout-flex\">\n<div class=\"wp-block-button\"><a class=\"wp-block-button__link\" href=\"https:\/\/www.sopdi.ca\/fr\/passport-program\" target=\"_blank\" rel=\"noreferrer noopener\">SOPDI<\/a><\/div>\n<\/div>\n\n<p><\/p>\n\n<h2 class=\"wp-block-heading\" id=\"we-also-provide-the-following-specialized-case-management-services\"><strong>Nous offrons \u00e9galement les services de gestion de cas sp\u00e9cialis\u00e9s suivants :<\/strong><\/h2>\n\n<h3 class=\"wp-block-heading\" id=\"transitional-aged-youth-services-tay\">Services aux jeunes en transition<\/h3>\n\n<p>\u00c9valuation et planification pour les jeunes sortant du syst\u00e8me de protection de la jeunesse et se pr\u00e9parant \u00e0 entrer dans le syst\u00e8me de services pour adultes ayant une d\u00e9ficience intellectuelle.<\/p>\n\n<ul class=\"wp-block-list\"><li>Nous travaillons en partenariat avec la Soci\u00e9t\u00e9 de l\u2019aide \u00e0 l\u2019enfance de la r\u00e9gion pour aider les jeunes \u00e0 faire la transition vers les services pour adultes ayant une d\u00e9ficience intellectuelle.<\/li><\/ul>\n\n<h3 class=\"wp-block-heading\" id=\"walk-in-clinic\">*Clinique sans rendez-vous<\/h3>\n\n<p>La clinique sans rendez-vous est ouverte tous les mardis de 13 h \u00e0 16 h selon le principe du premier arriv\u00e9, premier servi. Les gestionnaires de cas pourront r\u00e9pondre aux questions et fournir un soutien imm\u00e9diat aux adultes ayant une d\u00e9ficience intellectuelle.<\/p>\n\n<h3 class=\"wp-block-heading\" id=\"eligibility\">Admissibilit\u00e9 :<\/h3>\n\n<p>Vous devez faire une demande par l\u2019entremise des Services de l\u2019Ontario pour les personnes ayant une d\u00e9ficience intellectuelle (SOPDI). Veuillez consulter le lien suivant: <\/p>\n\n<div class=\"wp-block-buttons is-layout-flex wp-block-buttons-is-layout-flex\">\n<div class=\"wp-block-button\"><a class=\"wp-block-button__link\" href=\"https:\/\/scsonline.ca\/intake\/application-dsoer\/\" target=\"_blank\" rel=\"noreferrer noopener\">Application SOPDI<\/a><\/div>\n<\/div>\n\n<p><\/p>\n\n<h3 class=\"wp-block-heading\" id=\"referral-process\">D\u00e9marche \u00e0 suivre :<\/h3>\n\n<p>Une fois que la SOPDI nous aura achemin\u00e9 votre demande, un membre de l\u2019\u00e9quipe de gestion de cas pour adultes communiquera avec vous pour discuter de votre dossier.<\/p>\n\n<p><strong>* Remarque<\/strong>: Il n\u2019est pas n\u00e9cessaire de passer par la SOPDI pour avoir acc\u00e8s \u00e0 la clinique sans rendez-vous puisque les demandes de consultation spontan\u00e9es sont accept\u00e9es.<br\/><\/p>\n\n<h3 class=\"wp-block-heading\" id=\"cost-free\">Co\u00fbt : Gratuit<\/h3>\n","protected":false},"excerpt":{"rendered":"<p>Les services de gestion de cas comprennent la coordination, la mise en relation avec le milieu communautaire, le soutien et la d\u00e9fense des int\u00e9r\u00eats. Nous visons \u00e0 offrir des services collaboratifs, inclusifs et personnalis\u00e9s aux adultes. Un gestionnaire de cas vous offrira de l\u2019aide dans les cas suivants : L\u2019\u00e9laboration d\u2019un plan de soutien individualis\u00e9 [&hellip;]<\/p>\n","protected":false},"author":1,"featured_media":0,"parent":1699,"menu_order":0,"comment_status":"closed","ping_status":"closed","template":"","meta":{"_acf_changed":false,"_et_pb_use_builder":"","_et_pb_old_content":"","_et_gb_content_width":"","footnotes":""},"class_list":["post-1701","page","type-page","status-publish","hentry"],"acf":[],"_links":{"self":[{"href":"https:\/\/inspire-sdg.ca\/fr\/wp-json\/wp\/v2\/pages\/1701","targetHints":{"allow":["GET"]}}],"collection":[{"href":"https:\/\/inspire-sdg.ca\/fr\/wp-json\/wp\/v2\/pages"}],"about":[{"href":"https:\/\/inspire-sdg.ca\/fr\/wp-json\/wp\/v2\/types\/page"}],"author":[{"embeddable":true,"href":"https:\/\/inspire-sdg.ca\/fr\/wp-json\/wp\/v2\/users\/1"}],"replies":[{"embeddable":true,"href":"https:\/\/inspire-sdg.ca\/fr\/wp-json\/wp\/v2\/comments?post=1701"}],"version-history":[{"count":16,"href":"https:\/\/inspire-sdg.ca\/fr\/wp-json\/wp\/v2\/pages\/1701\/revisions"}],"predecessor-version":[{"id":3409,"href":"https:\/\/inspire-sdg.ca\/fr\/wp-json\/wp\/v2\/pages\/1701\/revisions\/3409"}],"up":[{"embeddable":true,"href":"https:\/\/inspire-sdg.ca\/fr\/wp-json\/wp\/v2\/pages\/1699"}],"wp:attachment":[{"href":"https:\/\/inspire-sdg.ca\/fr\/wp-json\/wp\/v2\/media?parent=1701"}],"curies":[{"name":"wp","href":"https:\/\/api.w.org\/{rel}","templated":true}]}}