{"id":1695,"date":"2022-01-10T11:33:50","date_gmt":"2022-01-10T16:33:50","guid":{"rendered":"https:\/\/inspire-sdg.ca\/services\/programme-passport\/"},"modified":"2022-03-17T09:09:27","modified_gmt":"2022-03-17T13:09:27","slug":"programme-passport","status":"publish","type":"page","link":"https:\/\/inspire-sdg.ca\/fr\/services\/services-pour-les-adultes-ayant-une-deficience-intellectuelle\/programme-passport\/","title":{"rendered":"Programme Passport"},"content":{"rendered":"\n<p>Le programme Passeport aide les adultes ayant une d\u00e9ficience intellectuelle \u00e0 s\u2019impliquer dans leur communaut\u00e9 et \u00e0 vivre dans la plus grande autonomie possible en fournissant une aide financi\u00e8re pour les soutiens li\u00e9s \u00e0 la participation communautaire, les activit\u00e9s de la vie quotidienne et la planification g\u00e9r\u00e9e par la personne. Le programme octroie aussi une aide financi\u00e8re pour les services et soutiens de rel\u00e8ve pour les fournisseurs de soins \u00e0 un adulte ayant une d\u00e9ficience intellectuelle. <\/p>\n\n<p>Notre organisme est en mesure de g\u00e9rer les fonds re\u00e7us dans le cadre du programme Passeport pour les adultes ayant une d\u00e9ficience intellectuelle. <\/p>\n\n<p>Pour obtenir des renseignements sur le programme Passeport et le formulaire de demande, veuillez consulter le lien suivant : <\/p>\n\n<div class=\"wp-block-buttons is-layout-flex wp-block-buttons-is-layout-flex\">\n<div class=\"wp-block-button\"><a class=\"wp-block-button__link\" href=\"https:\/\/www.marchofdimes.ca\/en-ca\/programs\/ddlsp\/passport\">La Marche des dix sous du Canada<\/a><\/div>\n<\/div>\n\n<p><\/p>\n\n<p>Pour des renseignements additionnels sur le programme Passeport, veuillez consulter le lien suivant :<\/p>\n\n<div class=\"wp-block-buttons is-layout-flex wp-block-buttons-is-layout-flex\">\n<div class=\"wp-block-button\"><a class=\"wp-block-button__link\" href=\"https:\/\/www.dsontario.ca\/passport-program\">SOPDI<\/a><\/div>\n<\/div>\n\n<p><\/p>\n","protected":false},"excerpt":{"rendered":"<p>Le programme Passeport aide les adultes ayant une d\u00e9ficience intellectuelle \u00e0 s\u2019impliquer dans leur communaut\u00e9 et \u00e0 vivre dans la plus grande autonomie possible en fournissant une aide financi\u00e8re pour les soutiens li\u00e9s \u00e0 la participation communautaire, les activit\u00e9s de la vie quotidienne et la planification g\u00e9r\u00e9e par la personne. Le programme octroie aussi une [&hellip;]<\/p>\n","protected":false},"author":1,"featured_media":0,"parent":1699,"menu_order":0,"comment_status":"closed","ping_status":"closed","template":"","meta":{"_acf_changed":false,"_et_pb_use_builder":"","_et_pb_old_content":"","_et_gb_content_width":"","footnotes":""},"class_list":["post-1695","page","type-page","status-publish","hentry"],"acf":[],"_links":{"self":[{"href":"https:\/\/inspire-sdg.ca\/fr\/wp-json\/wp\/v2\/pages\/1695","targetHints":{"allow":["GET"]}}],"collection":[{"href":"https:\/\/inspire-sdg.ca\/fr\/wp-json\/wp\/v2\/pages"}],"about":[{"href":"https:\/\/inspire-sdg.ca\/fr\/wp-json\/wp\/v2\/types\/page"}],"author":[{"embeddable":true,"href":"https:\/\/inspire-sdg.ca\/fr\/wp-json\/wp\/v2\/users\/1"}],"replies":[{"embeddable":true,"href":"https:\/\/inspire-sdg.ca\/fr\/wp-json\/wp\/v2\/comments?post=1695"}],"version-history":[{"count":3,"href":"https:\/\/inspire-sdg.ca\/fr\/wp-json\/wp\/v2\/pages\/1695\/revisions"}],"predecessor-version":[{"id":2962,"href":"https:\/\/inspire-sdg.ca\/fr\/wp-json\/wp\/v2\/pages\/1695\/revisions\/2962"}],"up":[{"embeddable":true,"href":"https:\/\/inspire-sdg.ca\/fr\/wp-json\/wp\/v2\/pages\/1699"}],"wp:attachment":[{"href":"https:\/\/inspire-sdg.ca\/fr\/wp-json\/wp\/v2\/media?parent=1695"}],"curies":[{"name":"wp","href":"https:\/\/api.w.org\/{rel}","templated":true}]}}