{"id":1686,"date":"2022-01-10T11:08:44","date_gmt":"2022-01-10T16:08:44","guid":{"rendered":"https:\/\/inspire-sdg.ca\/a-propos\/historique-des-services-de-soutien-communautaire-inspire\/"},"modified":"2022-03-14T10:39:27","modified_gmt":"2022-03-14T14:39:27","slug":"historique-des-services-de-soutien-communautaire-inspire","status":"publish","type":"page","link":"https:\/\/inspire-sdg.ca\/fr\/a-propos\/historique-des-services-de-soutien-communautaire-inspire\/","title":{"rendered":"Historique de l\u2019agence"},"content":{"rendered":"\n<h2 class=\"wp-block-heading\">Services de counselling et de soutien de S.D. &amp; G.<\/h2>\n\n<p>En mai 1938, <em>le Social Services Council<\/em>(Conseil des services sociaux) a \u00e9t\u00e9 cr\u00e9\u00e9 dans le but de coordonner la distribution de v\u00eatements et de l\u2019aide alimentaire d\u2019urgence aux r\u00e9sidents de Cornwall se trouvant dans le besoin. Dans les ann\u00e9es 1940, gr\u00e2ce \u00e0 une coalition de membres du clerg\u00e9, de syndicats, d\u2019industries et d\u2019autres intervenants, le <em>Social Services Council<\/em> a \u00e9largi son mandat pour inclure la question du manque de logements ad\u00e9quats. C\u2019est dans les ann\u00e9es 1950 que le <em>Social Services Council<\/em>a pris le nom de <em>Family Welfare Bureau<\/em> (Bureau du bien-\u00eatre familial) et a commenc\u00e9 \u00e0 fournir des services pr\u00e9ventifs ax\u00e9s sur le counselling. Dans les ann\u00e9es 1960, l\u2019agence a chang\u00e9 de nom pour devenir le <em>Family Service Bureau<\/em> (Bureau des services \u00e0 la famille), alors que la coordination des services devenait un point central, car les mauvaises conditions \u00e9conomiques amenaient une nouvelle client\u00e8le ayant besoin de services locaux. Dans les ann\u00e9es 1970, l\u2019agence est devenue le <em>Family Counselling Centre<\/em> (Centre de counselling familial), et des services de counselling en mati\u00e8re de cr\u00e9dit ont \u00e9t\u00e9 mis en place. L\u2019agence est devenue r\u00e9put\u00e9e et comp\u00e9tente en mati\u00e8re de counselling pour aider \u00e0 r\u00e9soudre les probl\u00e8mes de nature sociale et financi\u00e8re. En 1980, un partenariat avec le minist\u00e8re des Services sociaux et communautaires a \u00e9t\u00e9 \u00e9tabli afin d\u2019offrir des services de rel\u00e8ve pour les fournisseurs de soins aux personnes ayant une d\u00e9ficience sur le plan du d\u00e9veloppement. En 1986, l\u2019agence a \u00e9largi ses services gr\u00e2ce \u00e0 une aide financi\u00e8re du minist\u00e8re pour offrir des services de counselling aux femmes victimes de violence familiale. En 1995, une clinique sans rendez-vous a \u00e9t\u00e9 mise en place pour rem\u00e9dier aux longues listes d\u2019attente. En 1995, l\u2019agence a \u00e9t\u00e9 s\u00e9lectionn\u00e9e pour le transfert de services visant \u00e0 aider les adultes ayant une d\u00e9ficience sur le plan du d\u00e9veloppement, sous le nom de programme Community Integration Services (Services d\u2019int\u00e9gration communautaire). Une nouvelle structure administrative a \u00e9galement \u00e9t\u00e9 mise en place \u00e0 cette \u00e9poque. En 2000, le programme Techniques d\u2019adaptation cr\u00e9atives pour les enfants a \u00e9t\u00e9 mis en place, suivi du programme d\u2019intervention aupr\u00e8s des partenaires violents en 2003. En 2010, l\u2019organisme a chang\u00e9 de nom pour devenir les Services de counselling et de soutien de S.D. &amp; G. En 2015, des pourparlers ont \u00e9t\u00e9 entam\u00e9s en vue d\u2019une \u00e9ventuelle fusion avec le Centre des services de d\u00e9veloppement de S.D. &amp; G.<\/p>\n\n<h2 class=\"wp-block-heading\">Centre des services de d\u00e9veloppement de S.D. &amp; G.<\/h2>\n\n<p>Le Centre des services de d\u00e9veloppement de S. D. &amp; G. a \u00e9t\u00e9 cr\u00e9\u00e9 en 1986. Le Centre est n\u00e9 de la fusion de cinq programmes provenant de cinq organismes diff\u00e9rents des secteurs anglophone et francophone de la communaut\u00e9. Le Centre offrait, dans les comt\u00e9s de Stormont, Dundas, Glengarry, la ville de Cornwall et Akwesasne, des services en anglais et en fran\u00e7ais aux enfants et aux adultes \u00e0 risque ou ayant une d\u00e9ficience sur le plan du d\u00e9veloppement ou sur le plan physique, tout en offrant \u00e9galement un soutien \u00e0 leur famille. En 2015, des pourparlers ont \u00e9t\u00e9 entam\u00e9s en vue d\u2019une \u00e9ventuelle fusion avec les Services de counselling et de soutien de S.D. &amp; G.<\/p>\n\n<h2 class=\"wp-block-heading\">Inspire &#8211; Services de soutien communautaire<\/h2>\n\n<p>Le 1 er mai 2019, apr\u00e8s de nombreuses discussions, de multiples rencontres et beaucoup de travail, les Services de counselling et de soutien de S.D. &amp; G. et le Centre des services de d\u00e9veloppement de S.D. &amp; G. ont officiellement fusionn\u00e9 et sont devenus Inspire &#8211; Services de soutien communautaire.<\/p>\n","protected":false},"excerpt":{"rendered":"<p>Services de counselling et de soutien de S.D. &amp; G. En mai 1938, le Social Services Council(Conseil des services sociaux) a \u00e9t\u00e9 cr\u00e9\u00e9 dans le but de coordonner la distribution de v\u00eatements et de l\u2019aide alimentaire d\u2019urgence aux r\u00e9sidents de Cornwall se trouvant dans le besoin. Dans les ann\u00e9es 1940, gr\u00e2ce \u00e0 une coalition de [&hellip;]<\/p>\n","protected":false},"author":1,"featured_media":0,"parent":1682,"menu_order":0,"comment_status":"closed","ping_status":"closed","template":"","meta":{"_acf_changed":false,"_et_pb_use_builder":"","_et_pb_old_content":"","_et_gb_content_width":"","footnotes":""},"class_list":["post-1686","page","type-page","status-publish","hentry"],"acf":[],"_links":{"self":[{"href":"https:\/\/inspire-sdg.ca\/fr\/wp-json\/wp\/v2\/pages\/1686","targetHints":{"allow":["GET"]}}],"collection":[{"href":"https:\/\/inspire-sdg.ca\/fr\/wp-json\/wp\/v2\/pages"}],"about":[{"href":"https:\/\/inspire-sdg.ca\/fr\/wp-json\/wp\/v2\/types\/page"}],"author":[{"embeddable":true,"href":"https:\/\/inspire-sdg.ca\/fr\/wp-json\/wp\/v2\/users\/1"}],"replies":[{"embeddable":true,"href":"https:\/\/inspire-sdg.ca\/fr\/wp-json\/wp\/v2\/comments?post=1686"}],"version-history":[{"count":5,"href":"https:\/\/inspire-sdg.ca\/fr\/wp-json\/wp\/v2\/pages\/1686\/revisions"}],"predecessor-version":[{"id":2899,"href":"https:\/\/inspire-sdg.ca\/fr\/wp-json\/wp\/v2\/pages\/1686\/revisions\/2899"}],"up":[{"embeddable":true,"href":"https:\/\/inspire-sdg.ca\/fr\/wp-json\/wp\/v2\/pages\/1682"}],"wp:attachment":[{"href":"https:\/\/inspire-sdg.ca\/fr\/wp-json\/wp\/v2\/media?parent=1686"}],"curies":[{"name":"wp","href":"https:\/\/api.w.org\/{rel}","templated":true}]}}