{"id":1682,"date":"2022-01-10T10:49:42","date_gmt":"2022-01-10T15:49:42","guid":{"rendered":"https:\/\/inspire-sdg.ca\/a-propos\/"},"modified":"2022-03-17T09:00:14","modified_gmt":"2022-03-17T13:00:14","slug":"a-propos","status":"publish","type":"page","link":"https:\/\/inspire-sdg.ca\/fr\/a-propos\/","title":{"rendered":"\u00c0 propos"},"content":{"rendered":"\n<h2 class=\"wp-block-heading\">VISION<\/h2>\n\n<p>Une communaut\u00e9 o\u00f9 les individus re\u00e7oivent le soutien et d\u00e9veloppent les moyens n\u00e9cessaires pour mener une vie saine et \u00e9panouie. <\/p>\n\n<h2 class=\"wp-block-heading\">MISSION<\/h2>\n\n<p>Par le biais des services de soutien et des services cliniques sp\u00e9cialis\u00e9s communautaires, notre organisme multiservice vise \u00e0 inspirer les gens \u00e0 atteindre leur plein potentiel. <\/p>\n\n<h2 class=\"wp-block-heading\">VALEURS<\/h2>\n\n<h4 class=\"wp-block-heading\">RESPECT<\/h4>\n\n<p>Nous reconnaissons les individus pour ce qu\u2019ils sont et les traitons avec dignit\u00e9. <\/p>\n\n<h4 class=\"wp-block-heading\">COLLABORATION<\/h4>\n\n<p>Nous travaillons en \u00e9troite collaboration avec les autres, \u00e0 l\u2019int\u00e9rieur comme \u00e0 l\u2019ext\u00e9rieur de notre organisme, afin de fournir les meilleurs soins possibles.<\/p>\n\n<h4 class=\"wp-block-heading\">INCLUSIVIT\u00c9<\/h4>\n\n<p>Nous cr\u00e9ons un environnement o\u00f9 tous se sentent les bienvenus et o\u00f9 les diff\u00e9rentes perspectives, capacit\u00e9s et exp\u00e9riences sont valoris\u00e9es.<\/p>\n\n<h4 class=\"wp-block-heading\">ING\u00c9NIOSIT\u00c9<\/h4>\n\n<p>Nous trouvons des moyens cr\u00e9atifs et efficaces de r\u00e9pondre aux nouveaux besoins, tout en \u00e9tant proactifs et souples. <\/p>\n\n<h4 class=\"wp-block-heading\">RESPONSABILISATION<\/h4>\n\n<p>Nous d\u00e9ployons tous les efforts possibles pour continuellement \u00e9valuer et am\u00e9liorer notre travail et pour respecter les normes d\u2019\u00e9thique. <\/p>\n","protected":false},"excerpt":{"rendered":"<p>VISION Une communaut\u00e9 o\u00f9 les individus re\u00e7oivent le soutien et d\u00e9veloppent les moyens n\u00e9cessaires pour mener une vie saine et \u00e9panouie. MISSION Par le biais des services de soutien et des services cliniques sp\u00e9cialis\u00e9s communautaires, notre organisme multiservice vise \u00e0 inspirer les gens \u00e0 atteindre leur plein potentiel. VALEURS RESPECT Nous reconnaissons les individus pour [&hellip;]<\/p>\n","protected":false},"author":1,"featured_media":0,"parent":0,"menu_order":0,"comment_status":"closed","ping_status":"closed","template":"","meta":{"_acf_changed":false,"_et_pb_use_builder":"","_et_pb_old_content":"","_et_gb_content_width":"","footnotes":""},"class_list":["post-1682","page","type-page","status-publish","hentry"],"acf":[],"_links":{"self":[{"href":"https:\/\/inspire-sdg.ca\/fr\/wp-json\/wp\/v2\/pages\/1682","targetHints":{"allow":["GET"]}}],"collection":[{"href":"https:\/\/inspire-sdg.ca\/fr\/wp-json\/wp\/v2\/pages"}],"about":[{"href":"https:\/\/inspire-sdg.ca\/fr\/wp-json\/wp\/v2\/types\/page"}],"author":[{"embeddable":true,"href":"https:\/\/inspire-sdg.ca\/fr\/wp-json\/wp\/v2\/users\/1"}],"replies":[{"embeddable":true,"href":"https:\/\/inspire-sdg.ca\/fr\/wp-json\/wp\/v2\/comments?post=1682"}],"version-history":[{"count":7,"href":"https:\/\/inspire-sdg.ca\/fr\/wp-json\/wp\/v2\/pages\/1682\/revisions"}],"predecessor-version":[{"id":2961,"href":"https:\/\/inspire-sdg.ca\/fr\/wp-json\/wp\/v2\/pages\/1682\/revisions\/2961"}],"wp:attachment":[{"href":"https:\/\/inspire-sdg.ca\/fr\/wp-json\/wp\/v2\/media?parent=1682"}],"curies":[{"name":"wp","href":"https:\/\/api.w.org\/{rel}","templated":true}]}}